{"id":343118,"date":"2025-12-30T17:18:46","date_gmt":"2025-12-30T20:18:46","guid":{"rendered":"https:\/\/homolog.harald.com.br\/site-2026\/?page_id=343118"},"modified":"2026-01-04T20:26:45","modified_gmt":"2026-01-04T23:26:45","slug":"certificacoes","status":"publish","type":"page","link":"https:\/\/homolog.harald.com.br\/site-2026\/sobre-a-harald\/certificacoes\/","title":{"rendered":"Certifica\u00e7\u00f5es"},"content":{"rendered":"\n<h2 class=\"wp-block-heading has-text-default-color-color has-text-color has-link-color has-medium-font-size wp-elements-37f118f05ef4363154234c5e22387afa\">Certifica\u00e7\u00f5es de Sustentabilidade e Rastreabilidade<\/h2>\n\n\n\n<p>A Harald det\u00e9m algumas das certifica\u00e7\u00f5es mais relevantes e importantes da ind\u00fastria, como a&nbsp;Rainforest Alliance&nbsp;e&nbsp;RSPO&nbsp;(Roundtable on Sustainable Palm Oil), refor\u00e7ando nosso compromisso com a sustentabilidade em todas as etapas de nossa cadeia de fornecimento.<\/p>\n\n\n\n<h2 class=\"wp-block-heading has-text-default-color-color has-text-color has-link-color has-medium-font-size wp-elements-00e99b1496c59da28ce9f0425bb07211\">Certifica\u00e7\u00e3o Rainforest Alliance<\/h2>\n\n\n\n<p>A certifica\u00e7\u00e3o&nbsp;Rainforest Alliance&nbsp;\u00e9 um selo de aprova\u00e7\u00e3o para pr\u00e1ticas agr\u00edcolas sustent\u00e1veis, que beneficiam tanto os agricultores quanto o meio ambiente. Com essa certifica\u00e7\u00e3o, garantimos que nossos produtos agr\u00edcolas sejam cultivados e colhidos em conformidade com rigorosos padr\u00f5es sociais, econ\u00f4micos e ambientais. Isso inclui a preserva\u00e7\u00e3o do ecossistema, a prote\u00e7\u00e3o da vida selvagem e o fornecimento de condi\u00e7\u00f5es de trabalho justas e seguras para os trabalhadores. Ao escolher produtos certificados pela&nbsp;Rainforest Alliance, nossos clientes t\u00eam a certeza de apoiar uma agricultura respons\u00e1vel e sustent\u00e1vel.<br>Saiba mais sobre a certifica\u00e7\u00e3o,&nbsp;clicando aqui.<\/p>\n\n\n\n<h2 class=\"wp-block-heading has-text-default-color-color has-text-color has-link-color has-medium-font-size wp-elements-c35f2b71ab3c3f1c40043f04e406d999\">Certifica\u00e7\u00e3o RSPO<\/h2>\n\n\n\n<p>A&nbsp;RSPO&nbsp;\u00e9 uma organiza\u00e7\u00e3o internacional dedicada a promover a produ\u00e7\u00e3o sustent\u00e1vel de \u00f3leo de palma. Ao obtermos a certifica\u00e7\u00e3o&nbsp;RSPO, comprometemo-nos a seguir os princ\u00edpios e crit\u00e9rios estabelecidos pela organiza\u00e7\u00e3o, que abrangem desde a conformidade com leis e regulamentos at\u00e9 o respeito pela comunidade local e pela biodiversidade. Isso inclui a utiliza\u00e7\u00e3o de melhores pr\u00e1ticas agr\u00edcolas, o gerenciamento respons\u00e1vel de novas planta\u00e7\u00f5es e o compromisso com a melhoria cont\u00ednua em todas as nossas opera\u00e7\u00f5es relacionadas ao \u00f3leo de palma.<\/p>\n\n\n\n<p>Com a certifica\u00e7\u00e3o&nbsp;RSPO, garantimos que nossos produtos sejam produzidos de forma \u00e9tica e sustent\u00e1vel, protegendo o meio ambiente e apoiando as comunidades locais.<br>Saiba mais sobre a certifica\u00e7\u00e3o,&nbsp;clicando aqui.<\/p>\n\n\n\n<h2 class=\"wp-block-heading has-text-default-color-color has-text-color has-link-color has-medium-font-size wp-elements-3cf39180febe33f74154425100007d85\">Compromisso com o futuro<\/h2>\n\n\n\n<p>Na&nbsp;Harald, estamos comprometidos em promover a sustentabilidade em todas as nossas opera\u00e7\u00f5es, e essas certifica\u00e7\u00f5es s\u00e3o parte integrante de nossos esfor\u00e7os para proteger o planeta e garantir um futuro melhor para todos.<br>Ao escolher produtos certificados pela&nbsp;Rainforest Alliance&nbsp;e pela&nbsp;RSPO, voc\u00ea est\u00e1 fazendo uma escolha consciente e apoiando pr\u00e1ticas agr\u00edcolas respons\u00e1veis e sustent\u00e1veis. Junte-se a n\u00f3s nesse compromisso com o planeta e com as pessoas.<\/p>\n","protected":false},"excerpt":{"rendered":"<p>Certifica\u00e7\u00f5es de Sustentabilidade e Rastreabilidade A Harald det\u00e9m algumas das certifica\u00e7\u00f5es mais relevantes e importantes da ind\u00fastria, como a&nbsp;Rainforest Alliance&nbsp;e&nbsp;RSPO&nbsp;(Roundtable on Sustainable Palm Oil), refor\u00e7ando nosso compromisso com a sustentabilidade em todas as etapas de nossa cadeia de fornecimento. Certifica\u00e7\u00e3o Rainforest Alliance A certifica\u00e7\u00e3o&nbsp;Rainforest Alliance&nbsp;\u00e9 um selo de aprova\u00e7\u00e3o para pr\u00e1ticas agr\u00edcolas sustent\u00e1veis, que beneficiam <a class=\"more-link\" href=\"https:\/\/homolog.harald.com.br\/site-2026\/sobre-a-harald\/certificacoes\/\">Read more&#8230;<\/a><\/p>\n","protected":false},"author":9,"featured_media":320116,"parent":8050,"menu_order":0,"comment_status":"closed","ping_status":"closed","template":"","meta":{"_acf_changed":false,"_uag_custom_page_level_css":"","footnotes":""},"class_list":["post-343118","page","type-page","status-publish","has-post-thumbnail","hentry"],"acf":[],"yoast_head":"<!-- This site is optimized with the Yoast SEO plugin v26.3 - https:\/\/yoast.com\/wordpress\/plugins\/seo\/ -->\n<title>Certifica\u00e7\u00f5es - Harald<\/title>\n<meta name=\"robots\" content=\"noindex, follow, max-snippet:-1, max-image-preview:large, max-video-preview:-1\" \/>\n<meta property=\"og:locale\" content=\"pt_BR\" \/>\n<meta property=\"og:type\" content=\"article\" \/>\n<meta property=\"og:title\" content=\"Certifica\u00e7\u00f5es - Harald\" \/>\n<meta property=\"og:description\" content=\"Certifica\u00e7\u00f5es de Sustentabilidade e Rastreabilidade A Harald det\u00e9m algumas das certifica\u00e7\u00f5es mais relevantes e importantes da ind\u00fastria, como a&nbsp;Rainforest Alliance&nbsp;e&nbsp;RSPO&nbsp;(Roundtable on Sustainable Palm Oil), refor\u00e7ando nosso compromisso com a sustentabilidade em todas as etapas de nossa cadeia de fornecimento. Certifica\u00e7\u00e3o Rainforest Alliance A certifica\u00e7\u00e3o&nbsp;Rainforest Alliance&nbsp;\u00e9 um selo de aprova\u00e7\u00e3o para pr\u00e1ticas agr\u00edcolas sustent\u00e1veis, que beneficiam Read more...\" \/>\n<meta property=\"og:url\" content=\"https:\/\/homolog.harald.com.br\/site-2026\/sobre-a-harald\/certificacoes\/\" \/>\n<meta property=\"og:site_name\" content=\"Harald\" \/>\n<meta property=\"article:publisher\" content=\"https:\/\/www.facebook.com\/HaraldChocolates\/\" \/>\n<meta property=\"article:modified_time\" content=\"2026-01-04T23:26:45+00:00\" \/>\n<meta property=\"og:image\" content=\"https:\/\/homolog.harald.com.br\/site-2026\/wp-content\/uploads\/2025\/07\/2025-17-07-14-47-33f4b6819a48d3e0a975c144e04f2c8474.png\" \/>\n\t<meta property=\"og:image:width\" content=\"960\" \/>\n\t<meta property=\"og:image:height\" content=\"540\" \/>\n\t<meta property=\"og:image:type\" content=\"image\/png\" \/>\n<meta name=\"twitter:card\" content=\"summary_large_image\" \/>\n<meta name=\"twitter:label1\" content=\"Est. tempo de leitura\" \/>\n\t<meta name=\"twitter:data1\" content=\"2 minutos\" \/>\n<script type=\"application\/ld+json\" class=\"yoast-schema-graph\">{\"@context\":\"https:\/\/schema.org\",\"@graph\":[{\"@type\":\"WebPage\",\"@id\":\"https:\/\/homolog.harald.com.br\/site-2026\/sobre-a-harald\/certificacoes\/\",\"url\":\"https:\/\/homolog.harald.com.br\/site-2026\/sobre-a-harald\/certificacoes\/\",\"name\":\"Certifica\u00e7\u00f5es - Harald\",\"isPartOf\":{\"@id\":\"https:\/\/homolog.harald.com.br\/site-2026\/#website\"},\"primaryImageOfPage\":{\"@id\":\"https:\/\/homolog.harald.com.br\/site-2026\/sobre-a-harald\/certificacoes\/#primaryimage\"},\"image\":{\"@id\":\"https:\/\/homolog.harald.com.br\/site-2026\/sobre-a-harald\/certificacoes\/#primaryimage\"},\"thumbnailUrl\":\"https:\/\/homolog.harald.com.br\/site-2026\/wp-content\/uploads\/2025\/07\/2025-17-07-14-47-33f4b6819a48d3e0a975c144e04f2c8474.png\",\"datePublished\":\"2025-12-30T20:18:46+00:00\",\"dateModified\":\"2026-01-04T23:26:45+00:00\",\"breadcrumb\":{\"@id\":\"https:\/\/homolog.harald.com.br\/site-2026\/sobre-a-harald\/certificacoes\/#breadcrumb\"},\"inLanguage\":\"pt-BR\",\"potentialAction\":[{\"@type\":\"ReadAction\",\"target\":[\"https:\/\/homolog.harald.com.br\/site-2026\/sobre-a-harald\/certificacoes\/\"]}]},{\"@type\":\"ImageObject\",\"inLanguage\":\"pt-BR\",\"@id\":\"https:\/\/homolog.harald.com.br\/site-2026\/sobre-a-harald\/certificacoes\/#primaryimage\",\"url\":\"https:\/\/homolog.harald.com.br\/site-2026\/wp-content\/uploads\/2025\/07\/2025-17-07-14-47-33f4b6819a48d3e0a975c144e04f2c8474.png\",\"contentUrl\":\"https:\/\/homolog.harald.com.br\/site-2026\/wp-content\/uploads\/2025\/07\/2025-17-07-14-47-33f4b6819a48d3e0a975c144e04f2c8474.png\",\"width\":960,\"height\":540,\"caption\":\"Confeita Curitiba\"},{\"@type\":\"BreadcrumbList\",\"@id\":\"https:\/\/homolog.harald.com.br\/site-2026\/sobre-a-harald\/certificacoes\/#breadcrumb\",\"itemListElement\":[{\"@type\":\"ListItem\",\"position\":1,\"name\":\"In\u00edcio\",\"item\":\"https:\/\/homolog.harald.com.br\/site-2026\/\"},{\"@type\":\"ListItem\",\"position\":2,\"name\":\"Quem Somos\",\"item\":\"https:\/\/homolog.harald.com.br\/site-2026\/sobre-a-harald\/\"},{\"@type\":\"ListItem\",\"position\":3,\"name\":\"Certifica\u00e7\u00f5es\"}]},{\"@type\":\"WebSite\",\"@id\":\"https:\/\/homolog.harald.com.br\/site-2026\/#website\",\"url\":\"https:\/\/homolog.harald.com.br\/site-2026\/\",\"name\":\"Harald\",\"description\":\"Fazer melhor \u00e9 fazer com paix\u00e3o\",\"publisher\":{\"@id\":\"https:\/\/homolog.harald.com.br\/site-2026\/#organization\"},\"potentialAction\":[{\"@type\":\"SearchAction\",\"target\":{\"@type\":\"EntryPoint\",\"urlTemplate\":\"https:\/\/homolog.harald.com.br\/site-2026\/?s={search_term_string}\"},\"query-input\":{\"@type\":\"PropertyValueSpecification\",\"valueRequired\":true,\"valueName\":\"search_term_string\"}}],\"inLanguage\":\"pt-BR\"},{\"@type\":\"Organization\",\"@id\":\"https:\/\/homolog.harald.com.br\/site-2026\/#organization\",\"name\":\"Harald\",\"url\":\"https:\/\/homolog.harald.com.br\/site-2026\/\",\"logo\":{\"@type\":\"ImageObject\",\"inLanguage\":\"pt-BR\",\"@id\":\"https:\/\/homolog.harald.com.br\/site-2026\/#\/schema\/logo\/image\/\",\"url\":\"https:\/\/homolog.harald.com.br\/site-2026\/wp-content\/uploads\/2022\/09\/logo-harald-cmyk-ss.png\",\"contentUrl\":\"https:\/\/homolog.harald.com.br\/site-2026\/wp-content\/uploads\/2022\/09\/logo-harald-cmyk-ss.png\",\"width\":1948,\"height\":1051,\"caption\":\"Harald\"},\"image\":{\"@id\":\"https:\/\/homolog.harald.com.br\/site-2026\/#\/schema\/logo\/image\/\"},\"sameAs\":[\"https:\/\/www.facebook.com\/HaraldChocolates\/\",\"https:\/\/www.youtube.com\/user\/HaraldChocolates\"]}]}<\/script>\n<!-- \/ Yoast SEO plugin. -->","yoast_head_json":{"title":"Certifica\u00e7\u00f5es - Harald","robots":{"index":"noindex","follow":"follow","max-snippet":"max-snippet:-1","max-image-preview":"max-image-preview:large","max-video-preview":"max-video-preview:-1"},"og_locale":"pt_BR","og_type":"article","og_title":"Certifica\u00e7\u00f5es - Harald","og_description":"Certifica\u00e7\u00f5es de Sustentabilidade e Rastreabilidade A Harald det\u00e9m algumas das certifica\u00e7\u00f5es mais relevantes e importantes da ind\u00fastria, como a&nbsp;Rainforest Alliance&nbsp;e&nbsp;RSPO&nbsp;(Roundtable on Sustainable Palm Oil), refor\u00e7ando nosso compromisso com a sustentabilidade em todas as etapas de nossa cadeia de fornecimento. Certifica\u00e7\u00e3o Rainforest Alliance A certifica\u00e7\u00e3o&nbsp;Rainforest Alliance&nbsp;\u00e9 um selo de aprova\u00e7\u00e3o para pr\u00e1ticas agr\u00edcolas sustent\u00e1veis, que beneficiam Read more...","og_url":"https:\/\/homolog.harald.com.br\/site-2026\/sobre-a-harald\/certificacoes\/","og_site_name":"Harald","article_publisher":"https:\/\/www.facebook.com\/HaraldChocolates\/","article_modified_time":"2026-01-04T23:26:45+00:00","og_image":[{"width":960,"height":540,"url":"https:\/\/homolog.harald.com.br\/site-2026\/wp-content\/uploads\/2025\/07\/2025-17-07-14-47-33f4b6819a48d3e0a975c144e04f2c8474.png","type":"image\/png"}],"twitter_card":"summary_large_image","twitter_misc":{"Est. tempo de leitura":"2 minutos"},"schema":{"@context":"https:\/\/schema.org","@graph":[{"@type":"WebPage","@id":"https:\/\/homolog.harald.com.br\/site-2026\/sobre-a-harald\/certificacoes\/","url":"https:\/\/homolog.harald.com.br\/site-2026\/sobre-a-harald\/certificacoes\/","name":"Certifica\u00e7\u00f5es - Harald","isPartOf":{"@id":"https:\/\/homolog.harald.com.br\/site-2026\/#website"},"primaryImageOfPage":{"@id":"https:\/\/homolog.harald.com.br\/site-2026\/sobre-a-harald\/certificacoes\/#primaryimage"},"image":{"@id":"https:\/\/homolog.harald.com.br\/site-2026\/sobre-a-harald\/certificacoes\/#primaryimage"},"thumbnailUrl":"https:\/\/homolog.harald.com.br\/site-2026\/wp-content\/uploads\/2025\/07\/2025-17-07-14-47-33f4b6819a48d3e0a975c144e04f2c8474.png","datePublished":"2025-12-30T20:18:46+00:00","dateModified":"2026-01-04T23:26:45+00:00","breadcrumb":{"@id":"https:\/\/homolog.harald.com.br\/site-2026\/sobre-a-harald\/certificacoes\/#breadcrumb"},"inLanguage":"pt-BR","potentialAction":[{"@type":"ReadAction","target":["https:\/\/homolog.harald.com.br\/site-2026\/sobre-a-harald\/certificacoes\/"]}]},{"@type":"ImageObject","inLanguage":"pt-BR","@id":"https:\/\/homolog.harald.com.br\/site-2026\/sobre-a-harald\/certificacoes\/#primaryimage","url":"https:\/\/homolog.harald.com.br\/site-2026\/wp-content\/uploads\/2025\/07\/2025-17-07-14-47-33f4b6819a48d3e0a975c144e04f2c8474.png","contentUrl":"https:\/\/homolog.harald.com.br\/site-2026\/wp-content\/uploads\/2025\/07\/2025-17-07-14-47-33f4b6819a48d3e0a975c144e04f2c8474.png","width":960,"height":540,"caption":"Confeita Curitiba"},{"@type":"BreadcrumbList","@id":"https:\/\/homolog.harald.com.br\/site-2026\/sobre-a-harald\/certificacoes\/#breadcrumb","itemListElement":[{"@type":"ListItem","position":1,"name":"In\u00edcio","item":"https:\/\/homolog.harald.com.br\/site-2026\/"},{"@type":"ListItem","position":2,"name":"Quem Somos","item":"https:\/\/homolog.harald.com.br\/site-2026\/sobre-a-harald\/"},{"@type":"ListItem","position":3,"name":"Certifica\u00e7\u00f5es"}]},{"@type":"WebSite","@id":"https:\/\/homolog.harald.com.br\/site-2026\/#website","url":"https:\/\/homolog.harald.com.br\/site-2026\/","name":"Harald","description":"Fazer melhor \u00e9 fazer com paix\u00e3o","publisher":{"@id":"https:\/\/homolog.harald.com.br\/site-2026\/#organization"},"potentialAction":[{"@type":"SearchAction","target":{"@type":"EntryPoint","urlTemplate":"https:\/\/homolog.harald.com.br\/site-2026\/?s={search_term_string}"},"query-input":{"@type":"PropertyValueSpecification","valueRequired":true,"valueName":"search_term_string"}}],"inLanguage":"pt-BR"},{"@type":"Organization","@id":"https:\/\/homolog.harald.com.br\/site-2026\/#organization","name":"Harald","url":"https:\/\/homolog.harald.com.br\/site-2026\/","logo":{"@type":"ImageObject","inLanguage":"pt-BR","@id":"https:\/\/homolog.harald.com.br\/site-2026\/#\/schema\/logo\/image\/","url":"https:\/\/homolog.harald.com.br\/site-2026\/wp-content\/uploads\/2022\/09\/logo-harald-cmyk-ss.png","contentUrl":"https:\/\/homolog.harald.com.br\/site-2026\/wp-content\/uploads\/2022\/09\/logo-harald-cmyk-ss.png","width":1948,"height":1051,"caption":"Harald"},"image":{"@id":"https:\/\/homolog.harald.com.br\/site-2026\/#\/schema\/logo\/image\/"},"sameAs":["https:\/\/www.facebook.com\/HaraldChocolates\/","https:\/\/www.youtube.com\/user\/HaraldChocolates"]}]}},"uagb_featured_image_src":{"full":["https:\/\/homolog.harald.com.br\/site-2026\/wp-content\/uploads\/2025\/07\/2025-17-07-14-47-33f4b6819a48d3e0a975c144e04f2c8474.png",960,540,false],"thumbnail":["https:\/\/homolog.harald.com.br\/site-2026\/wp-content\/uploads\/2025\/07\/2025-17-07-14-47-33f4b6819a48d3e0a975c144e04f2c8474-150x150.png",150,150,true],"medium":["https:\/\/homolog.harald.com.br\/site-2026\/wp-content\/uploads\/2025\/07\/2025-17-07-14-47-33f4b6819a48d3e0a975c144e04f2c8474-300x169.png",300,169,true],"medium_large":["https:\/\/homolog.harald.com.br\/site-2026\/wp-content\/uploads\/2025\/07\/2025-17-07-14-47-33f4b6819a48d3e0a975c144e04f2c8474-768x432.png",768,432,true],"large":["https:\/\/homolog.harald.com.br\/site-2026\/wp-content\/uploads\/2025\/07\/2025-17-07-14-47-33f4b6819a48d3e0a975c144e04f2c8474.png",960,540,false],"1536x1536":["https:\/\/homolog.harald.com.br\/site-2026\/wp-content\/uploads\/2025\/07\/2025-17-07-14-47-33f4b6819a48d3e0a975c144e04f2c8474.png",960,540,false],"2048x2048":["https:\/\/homolog.harald.com.br\/site-2026\/wp-content\/uploads\/2025\/07\/2025-17-07-14-47-33f4b6819a48d3e0a975c144e04f2c8474.png",960,540,false],"full-width":["https:\/\/homolog.harald.com.br\/site-2026\/wp-content\/uploads\/2025\/07\/2025-17-07-14-47-33f4b6819a48d3e0a975c144e04f2c8474.png",960,540,false],"gform-image-choice-sm":["https:\/\/homolog.harald.com.br\/site-2026\/wp-content\/uploads\/2025\/07\/2025-17-07-14-47-33f4b6819a48d3e0a975c144e04f2c8474.png",300,169,false],"gform-image-choice-md":["https:\/\/homolog.harald.com.br\/site-2026\/wp-content\/uploads\/2025\/07\/2025-17-07-14-47-33f4b6819a48d3e0a975c144e04f2c8474.png",400,225,false],"gform-image-choice-lg":["https:\/\/homolog.harald.com.br\/site-2026\/wp-content\/uploads\/2025\/07\/2025-17-07-14-47-33f4b6819a48d3e0a975c144e04f2c8474.png",600,338,false]},"uagb_author_info":{"display_name":"CROWD","author_link":"https:\/\/homolog.harald.com.br\/site-2026\/blog\/author\/crowd\/"},"uagb_comment_info":0,"uagb_excerpt":"Certifica\u00e7\u00f5es de Sustentabilidade e Rastreabilidade A Harald det\u00e9m algumas das certifica\u00e7\u00f5es mais relevantes e importantes da ind\u00fastria, como a&nbsp;Rainforest Alliance&nbsp;e&nbsp;RSPO&nbsp;(Roundtable on Sustainable Palm Oil), refor\u00e7ando nosso compromisso com a sustentabilidade em todas as etapas de nossa cadeia de fornecimento. Certifica\u00e7\u00e3o Rainforest Alliance A certifica\u00e7\u00e3o&nbsp;Rainforest Alliance&nbsp;\u00e9 um selo de aprova\u00e7\u00e3o para pr\u00e1ticas agr\u00edcolas sustent\u00e1veis, que beneficiam&hellip;","_links":{"self":[{"href":"https:\/\/homolog.harald.com.br\/site-2026\/wp-json\/wp\/v2\/pages\/343118","targetHints":{"allow":["GET"]}}],"collection":[{"href":"https:\/\/homolog.harald.com.br\/site-2026\/wp-json\/wp\/v2\/pages"}],"about":[{"href":"https:\/\/homolog.harald.com.br\/site-2026\/wp-json\/wp\/v2\/types\/page"}],"author":[{"embeddable":true,"href":"https:\/\/homolog.harald.com.br\/site-2026\/wp-json\/wp\/v2\/users\/9"}],"replies":[{"embeddable":true,"href":"https:\/\/homolog.harald.com.br\/site-2026\/wp-json\/wp\/v2\/comments?post=343118"}],"version-history":[{"count":5,"href":"https:\/\/homolog.harald.com.br\/site-2026\/wp-json\/wp\/v2\/pages\/343118\/revisions"}],"predecessor-version":[{"id":343275,"href":"https:\/\/homolog.harald.com.br\/site-2026\/wp-json\/wp\/v2\/pages\/343118\/revisions\/343275"}],"up":[{"embeddable":true,"href":"https:\/\/homolog.harald.com.br\/site-2026\/wp-json\/wp\/v2\/pages\/8050"}],"wp:featuredmedia":[{"embeddable":true,"href":"https:\/\/homolog.harald.com.br\/site-2026\/wp-json\/wp\/v2\/media\/320116"}],"wp:attachment":[{"href":"https:\/\/homolog.harald.com.br\/site-2026\/wp-json\/wp\/v2\/media?parent=343118"}],"curies":[{"name":"wp","href":"https:\/\/api.w.org\/{rel}","templated":true}]}}