{"id":3,"date":"2022-05-05T23:56:27","date_gmt":"2022-05-06T02:56:27","guid":{"rendered":"https:\/\/homolog.harald.com.br\/site-2026\/?page_id=3"},"modified":"2026-01-04T09:57:40","modified_gmt":"2026-01-04T12:57:40","slug":"politica-de-privacidade","status":"publish","type":"page","link":"https:\/\/homolog.harald.com.br\/site-2026\/politica-de-privacidade\/","title":{"rendered":"Pol\u00edtica de Privacidade"},"content":{"rendered":"\n<p>Este site \u00e9 regido pela Pol\u00edtica de Privacidade dispon\u00edvel a seguir, que tem por objetivo manter um alto padr\u00e3o de integridade para seus visitantes e\/ou usu\u00e1rios. Solicitamos que, por favor, leia atentamente esta Pol\u00edtica, pois para que tenha uma experi\u00eancia completa e acess\u00edvel ao site ser\u00e1 necess\u00e1rio que voc\u00ea a conhe\u00e7a. Caso tenha d\u00favidas sobre alguma outra quest\u00e3o referente ao tratamento de dados, entre em contato com o encarregado da Harald, denominado DPO, no endere\u00e7o eletr\u00f4nico: <a href=\"mailto:lgpd@harald.com.br\">lgpd@harald.com.br<\/a>.<\/p>\n\n\n\n<p>Essa Pol\u00edtica disp\u00f5e sobre o tratamento de seus dados pessoais e de quaisquer outras informa\u00e7\u00f5es por voc\u00ea fornecidas, atrav\u00e9s deste site, \u00e0 Harald Ind. e Com. de Alimentos Ltda., uma empresa do Grupo Fuji Oil, inscrita no CNPJ\/MF sob n\u00ba 88.304.001\/0001-70, bem como a quaisquer de suas filiais.<\/p>\n\n\n\n<p>Em conformidade com a Lei n\u00ba 13.709\/2018 (a denominada \u201cLei Geral de Prote\u00e7\u00e3o de Dados Pessoais\u201d ou simplesmente \u201cLGPD\u201d), e objetivando total transpar\u00eancia, respeito \u00e0 sua privacidade e a prote\u00e7\u00e3o de seus dados pessoais, a Harald esclarecer\u00e1 a seguir os motivos pelos quais precisa das informa\u00e7\u00f5es e dados que solicita neste site, como os utiliza, trata, armazena e\/ou exclui.<\/p>\n\n\n\n<p>Como a Harald ser\u00e1, a partir de sua aceita\u00e7\u00e3o aos termos desta Pol\u00edtica, predominantemente a controladora dos seus dados livremente fornecidos, \u00e9 importante que voc\u00ea saiba que esta adotar\u00e1 medidas para proteg\u00ea-los.<\/p>\n\n\n\n<p>Al\u00e9m disso, voc\u00ea ter\u00e1 a op\u00e7\u00e3o de concordar ou se opor ao tratamento de seus dados pessoais, e nesta Pol\u00edtica ser\u00e3o explicados os seus direitos e a forma que poder\u00e1 exerc\u00ea-los. Em caso de quaisquer d\u00favidas quanto a este conte\u00fado, voc\u00ea poder\u00e1 entrar em contato com o DPO da Harald atrav\u00e9s do e-mail: <a href=\"mailto:lgpd@harald.com.br\">lgpd@harald.com.br<\/a>.<\/p>\n","protected":false},"excerpt":{"rendered":"<p>Este site \u00e9 regido pela Pol\u00edtica de Privacidade dispon\u00edvel a seguir, que tem por objetivo manter um alto padr\u00e3o de integridade para seus visitantes e\/ou usu\u00e1rios. Solicitamos que, por favor, leia atentamente esta Pol\u00edtica, pois para que tenha uma experi\u00eancia completa e acess\u00edvel ao site ser\u00e1 necess\u00e1rio que voc\u00ea a conhe\u00e7a. Caso tenha d\u00favidas sobre <a class=\"more-link\" href=\"https:\/\/homolog.harald.com.br\/site-2026\/politica-de-privacidade\/\">Read more&#8230;<\/a><\/p>\n","protected":false},"author":1,"featured_media":8180,"parent":0,"menu_order":0,"comment_status":"closed","ping_status":"open","template":"","meta":{"_acf_changed":false,"_uag_custom_page_level_css":"","footnotes":""},"class_list":["post-3","page","type-page","status-publish","has-post-thumbnail","hentry"],"acf":[],"yoast_head":"<!-- This site is optimized with the Yoast SEO plugin v26.3 - https:\/\/yoast.com\/wordpress\/plugins\/seo\/ -->\n<title>Pol\u00edtica de Privacidade - Harald<\/title>\n<meta name=\"robots\" content=\"noindex, follow, max-snippet:-1, max-image-preview:large, max-video-preview:-1\" \/>\n<meta property=\"og:locale\" content=\"pt_BR\" \/>\n<meta property=\"og:type\" content=\"article\" \/>\n<meta property=\"og:title\" content=\"Pol\u00edtica de Privacidade - Harald\" \/>\n<meta property=\"og:description\" content=\"Este site \u00e9 regido pela Pol\u00edtica de Privacidade dispon\u00edvel a seguir, que tem por objetivo manter um alto padr\u00e3o de integridade para seus visitantes e\/ou usu\u00e1rios. Solicitamos que, por favor, leia atentamente esta Pol\u00edtica, pois para que tenha uma experi\u00eancia completa e acess\u00edvel ao site ser\u00e1 necess\u00e1rio que voc\u00ea a conhe\u00e7a. Caso tenha d\u00favidas sobre Read more...\" \/>\n<meta property=\"og:url\" content=\"https:\/\/homolog.harald.com.br\/site-2026\/politica-de-privacidade\/\" \/>\n<meta property=\"og:site_name\" content=\"Harald\" \/>\n<meta property=\"article:publisher\" content=\"https:\/\/www.facebook.com\/HaraldChocolates\/\" \/>\n<meta property=\"article:modified_time\" content=\"2026-01-04T12:57:40+00:00\" \/>\n<meta property=\"og:image\" content=\"https:\/\/homolog.harald.com.br\/site-2026\/wp-content\/uploads\/2022\/06\/bg-4.png\" \/>\n\t<meta property=\"og:image:width\" content=\"2000\" \/>\n\t<meta property=\"og:image:height\" content=\"1331\" \/>\n\t<meta property=\"og:image:type\" content=\"image\/png\" \/>\n<meta name=\"twitter:card\" content=\"summary_large_image\" \/>\n<meta name=\"twitter:label1\" content=\"Est. tempo de leitura\" \/>\n\t<meta name=\"twitter:data1\" content=\"2 minutos\" \/>\n<script type=\"application\/ld+json\" class=\"yoast-schema-graph\">{\"@context\":\"https:\/\/schema.org\",\"@graph\":[{\"@type\":\"WebPage\",\"@id\":\"https:\/\/homolog.harald.com.br\/site-2026\/politica-de-privacidade\/\",\"url\":\"https:\/\/homolog.harald.com.br\/site-2026\/politica-de-privacidade\/\",\"name\":\"Pol\u00edtica de Privacidade - Harald\",\"isPartOf\":{\"@id\":\"https:\/\/homolog.harald.com.br\/site-2026\/#website\"},\"primaryImageOfPage\":{\"@id\":\"https:\/\/homolog.harald.com.br\/site-2026\/politica-de-privacidade\/#primaryimage\"},\"image\":{\"@id\":\"https:\/\/homolog.harald.com.br\/site-2026\/politica-de-privacidade\/#primaryimage\"},\"thumbnailUrl\":\"https:\/\/homolog.harald.com.br\/site-2026\/wp-content\/uploads\/2022\/06\/bg-4.png\",\"datePublished\":\"2022-05-06T02:56:27+00:00\",\"dateModified\":\"2026-01-04T12:57:40+00:00\",\"breadcrumb\":{\"@id\":\"https:\/\/homolog.harald.com.br\/site-2026\/politica-de-privacidade\/#breadcrumb\"},\"inLanguage\":\"pt-BR\",\"potentialAction\":[{\"@type\":\"ReadAction\",\"target\":[\"https:\/\/homolog.harald.com.br\/site-2026\/politica-de-privacidade\/\"]}]},{\"@type\":\"ImageObject\",\"inLanguage\":\"pt-BR\",\"@id\":\"https:\/\/homolog.harald.com.br\/site-2026\/politica-de-privacidade\/#primaryimage\",\"url\":\"https:\/\/homolog.harald.com.br\/site-2026\/wp-content\/uploads\/2022\/06\/bg-4.png\",\"contentUrl\":\"https:\/\/homolog.harald.com.br\/site-2026\/wp-content\/uploads\/2022\/06\/bg-4.png\",\"width\":2000,\"height\":1331},{\"@type\":\"BreadcrumbList\",\"@id\":\"https:\/\/homolog.harald.com.br\/site-2026\/politica-de-privacidade\/#breadcrumb\",\"itemListElement\":[{\"@type\":\"ListItem\",\"position\":1,\"name\":\"In\u00edcio\",\"item\":\"https:\/\/homolog.harald.com.br\/site-2026\/\"},{\"@type\":\"ListItem\",\"position\":2,\"name\":\"Pol\u00edtica de Privacidade\"}]},{\"@type\":\"WebSite\",\"@id\":\"https:\/\/homolog.harald.com.br\/site-2026\/#website\",\"url\":\"https:\/\/homolog.harald.com.br\/site-2026\/\",\"name\":\"Harald\",\"description\":\"Fazer melhor \u00e9 fazer com paix\u00e3o\",\"publisher\":{\"@id\":\"https:\/\/homolog.harald.com.br\/site-2026\/#organization\"},\"potentialAction\":[{\"@type\":\"SearchAction\",\"target\":{\"@type\":\"EntryPoint\",\"urlTemplate\":\"https:\/\/homolog.harald.com.br\/site-2026\/?s={search_term_string}\"},\"query-input\":{\"@type\":\"PropertyValueSpecification\",\"valueRequired\":true,\"valueName\":\"search_term_string\"}}],\"inLanguage\":\"pt-BR\"},{\"@type\":\"Organization\",\"@id\":\"https:\/\/homolog.harald.com.br\/site-2026\/#organization\",\"name\":\"Harald\",\"url\":\"https:\/\/homolog.harald.com.br\/site-2026\/\",\"logo\":{\"@type\":\"ImageObject\",\"inLanguage\":\"pt-BR\",\"@id\":\"https:\/\/homolog.harald.com.br\/site-2026\/#\/schema\/logo\/image\/\",\"url\":\"https:\/\/homolog.harald.com.br\/site-2026\/wp-content\/uploads\/2022\/09\/logo-harald-cmyk-ss.png\",\"contentUrl\":\"https:\/\/homolog.harald.com.br\/site-2026\/wp-content\/uploads\/2022\/09\/logo-harald-cmyk-ss.png\",\"width\":1948,\"height\":1051,\"caption\":\"Harald\"},\"image\":{\"@id\":\"https:\/\/homolog.harald.com.br\/site-2026\/#\/schema\/logo\/image\/\"},\"sameAs\":[\"https:\/\/www.facebook.com\/HaraldChocolates\/\",\"https:\/\/www.youtube.com\/user\/HaraldChocolates\"]}]}<\/script>\n<!-- \/ Yoast SEO plugin. -->","yoast_head_json":{"title":"Pol\u00edtica de Privacidade - Harald","robots":{"index":"noindex","follow":"follow","max-snippet":"max-snippet:-1","max-image-preview":"max-image-preview:large","max-video-preview":"max-video-preview:-1"},"og_locale":"pt_BR","og_type":"article","og_title":"Pol\u00edtica de Privacidade - Harald","og_description":"Este site \u00e9 regido pela Pol\u00edtica de Privacidade dispon\u00edvel a seguir, que tem por objetivo manter um alto padr\u00e3o de integridade para seus visitantes e\/ou usu\u00e1rios. Solicitamos que, por favor, leia atentamente esta Pol\u00edtica, pois para que tenha uma experi\u00eancia completa e acess\u00edvel ao site ser\u00e1 necess\u00e1rio que voc\u00ea a conhe\u00e7a. Caso tenha d\u00favidas sobre Read more...","og_url":"https:\/\/homolog.harald.com.br\/site-2026\/politica-de-privacidade\/","og_site_name":"Harald","article_publisher":"https:\/\/www.facebook.com\/HaraldChocolates\/","article_modified_time":"2026-01-04T12:57:40+00:00","og_image":[{"width":2000,"height":1331,"url":"https:\/\/homolog.harald.com.br\/site-2026\/wp-content\/uploads\/2022\/06\/bg-4.png","type":"image\/png"}],"twitter_card":"summary_large_image","twitter_misc":{"Est. tempo de leitura":"2 minutos"},"schema":{"@context":"https:\/\/schema.org","@graph":[{"@type":"WebPage","@id":"https:\/\/homolog.harald.com.br\/site-2026\/politica-de-privacidade\/","url":"https:\/\/homolog.harald.com.br\/site-2026\/politica-de-privacidade\/","name":"Pol\u00edtica de Privacidade - Harald","isPartOf":{"@id":"https:\/\/homolog.harald.com.br\/site-2026\/#website"},"primaryImageOfPage":{"@id":"https:\/\/homolog.harald.com.br\/site-2026\/politica-de-privacidade\/#primaryimage"},"image":{"@id":"https:\/\/homolog.harald.com.br\/site-2026\/politica-de-privacidade\/#primaryimage"},"thumbnailUrl":"https:\/\/homolog.harald.com.br\/site-2026\/wp-content\/uploads\/2022\/06\/bg-4.png","datePublished":"2022-05-06T02:56:27+00:00","dateModified":"2026-01-04T12:57:40+00:00","breadcrumb":{"@id":"https:\/\/homolog.harald.com.br\/site-2026\/politica-de-privacidade\/#breadcrumb"},"inLanguage":"pt-BR","potentialAction":[{"@type":"ReadAction","target":["https:\/\/homolog.harald.com.br\/site-2026\/politica-de-privacidade\/"]}]},{"@type":"ImageObject","inLanguage":"pt-BR","@id":"https:\/\/homolog.harald.com.br\/site-2026\/politica-de-privacidade\/#primaryimage","url":"https:\/\/homolog.harald.com.br\/site-2026\/wp-content\/uploads\/2022\/06\/bg-4.png","contentUrl":"https:\/\/homolog.harald.com.br\/site-2026\/wp-content\/uploads\/2022\/06\/bg-4.png","width":2000,"height":1331},{"@type":"BreadcrumbList","@id":"https:\/\/homolog.harald.com.br\/site-2026\/politica-de-privacidade\/#breadcrumb","itemListElement":[{"@type":"ListItem","position":1,"name":"In\u00edcio","item":"https:\/\/homolog.harald.com.br\/site-2026\/"},{"@type":"ListItem","position":2,"name":"Pol\u00edtica de Privacidade"}]},{"@type":"WebSite","@id":"https:\/\/homolog.harald.com.br\/site-2026\/#website","url":"https:\/\/homolog.harald.com.br\/site-2026\/","name":"Harald","description":"Fazer melhor \u00e9 fazer com paix\u00e3o","publisher":{"@id":"https:\/\/homolog.harald.com.br\/site-2026\/#organization"},"potentialAction":[{"@type":"SearchAction","target":{"@type":"EntryPoint","urlTemplate":"https:\/\/homolog.harald.com.br\/site-2026\/?s={search_term_string}"},"query-input":{"@type":"PropertyValueSpecification","valueRequired":true,"valueName":"search_term_string"}}],"inLanguage":"pt-BR"},{"@type":"Organization","@id":"https:\/\/homolog.harald.com.br\/site-2026\/#organization","name":"Harald","url":"https:\/\/homolog.harald.com.br\/site-2026\/","logo":{"@type":"ImageObject","inLanguage":"pt-BR","@id":"https:\/\/homolog.harald.com.br\/site-2026\/#\/schema\/logo\/image\/","url":"https:\/\/homolog.harald.com.br\/site-2026\/wp-content\/uploads\/2022\/09\/logo-harald-cmyk-ss.png","contentUrl":"https:\/\/homolog.harald.com.br\/site-2026\/wp-content\/uploads\/2022\/09\/logo-harald-cmyk-ss.png","width":1948,"height":1051,"caption":"Harald"},"image":{"@id":"https:\/\/homolog.harald.com.br\/site-2026\/#\/schema\/logo\/image\/"},"sameAs":["https:\/\/www.facebook.com\/HaraldChocolates\/","https:\/\/www.youtube.com\/user\/HaraldChocolates"]}]}},"uagb_featured_image_src":{"full":["https:\/\/homolog.harald.com.br\/site-2026\/wp-content\/uploads\/2022\/06\/bg-4.png",2000,1331,false],"thumbnail":["https:\/\/homolog.harald.com.br\/site-2026\/wp-content\/uploads\/2022\/06\/bg-4-150x150.png",150,150,true],"medium":["https:\/\/homolog.harald.com.br\/site-2026\/wp-content\/uploads\/2022\/06\/bg-4-300x200.png",300,200,true],"medium_large":["https:\/\/homolog.harald.com.br\/site-2026\/wp-content\/uploads\/2022\/06\/bg-4-768x511.png",768,511,true],"large":["https:\/\/homolog.harald.com.br\/site-2026\/wp-content\/uploads\/2022\/06\/bg-4-1024x681.png",1024,681,true],"1536x1536":["https:\/\/homolog.harald.com.br\/site-2026\/wp-content\/uploads\/2022\/06\/bg-4-1536x1022.png",1536,1022,true],"2048x2048":["https:\/\/homolog.harald.com.br\/site-2026\/wp-content\/uploads\/2022\/06\/bg-4.png",2000,1331,false],"full-width":["https:\/\/homolog.harald.com.br\/site-2026\/wp-content\/uploads\/2022\/06\/bg-4.png",1623,1080,false],"gform-image-choice-sm":["https:\/\/homolog.harald.com.br\/site-2026\/wp-content\/uploads\/2022\/06\/bg-4.png",300,200,false],"gform-image-choice-md":["https:\/\/homolog.harald.com.br\/site-2026\/wp-content\/uploads\/2022\/06\/bg-4.png",400,266,false],"gform-image-choice-lg":["https:\/\/homolog.harald.com.br\/site-2026\/wp-content\/uploads\/2022\/06\/bg-4.png",600,399,false]},"uagb_author_info":{"display_name":"rafaelfndev","author_link":"https:\/\/homolog.harald.com.br\/site-2026\/blog\/author\/rafaelfndev\/"},"uagb_comment_info":0,"uagb_excerpt":"Este site \u00e9 regido pela Pol\u00edtica de Privacidade dispon\u00edvel a seguir, que tem por objetivo manter um alto padr\u00e3o de integridade para seus visitantes e\/ou usu\u00e1rios. Solicitamos que, por favor, leia atentamente esta Pol\u00edtica, pois para que tenha uma experi\u00eancia completa e acess\u00edvel ao site ser\u00e1 necess\u00e1rio que voc\u00ea a conhe\u00e7a. Caso tenha d\u00favidas sobre&hellip;","_links":{"self":[{"href":"https:\/\/homolog.harald.com.br\/site-2026\/wp-json\/wp\/v2\/pages\/3","targetHints":{"allow":["GET"]}}],"collection":[{"href":"https:\/\/homolog.harald.com.br\/site-2026\/wp-json\/wp\/v2\/pages"}],"about":[{"href":"https:\/\/homolog.harald.com.br\/site-2026\/wp-json\/wp\/v2\/types\/page"}],"author":[{"embeddable":true,"href":"https:\/\/homolog.harald.com.br\/site-2026\/wp-json\/wp\/v2\/users\/1"}],"replies":[{"embeddable":true,"href":"https:\/\/homolog.harald.com.br\/site-2026\/wp-json\/wp\/v2\/comments?post=3"}],"version-history":[{"count":9,"href":"https:\/\/homolog.harald.com.br\/site-2026\/wp-json\/wp\/v2\/pages\/3\/revisions"}],"predecessor-version":[{"id":343229,"href":"https:\/\/homolog.harald.com.br\/site-2026\/wp-json\/wp\/v2\/pages\/3\/revisions\/343229"}],"wp:featuredmedia":[{"embeddable":true,"href":"https:\/\/homolog.harald.com.br\/site-2026\/wp-json\/wp\/v2\/media\/8180"}],"wp:attachment":[{"href":"https:\/\/homolog.harald.com.br\/site-2026\/wp-json\/wp\/v2\/media?parent=3"}],"curies":[{"name":"wp","href":"https:\/\/api.w.org\/{rel}","templated":true}]}}