{"id":278035,"date":"2025-04-01T15:40:12","date_gmt":"2025-04-01T18:40:12","guid":{"rendered":"https:\/\/homolog.harald.com.br\/site-2026\/?page_id=278035"},"modified":"2026-01-30T08:22:47","modified_gmt":"2026-01-30T11:22:47","slug":"trabalhe-conosco","status":"publish","type":"page","link":"https:\/\/homolog.harald.com.br\/site-2026\/fale-conosco\/trabalhe-conosco\/","title":{"rendered":"Trabalhe Conosco"},"content":{"rendered":"\n<div class=\"wp-block-uagb-container uagb-block-2cc5dc3e alignwide uagb-is-root-container\">\n<div class=\"wp-block-uagb-container uagb-block-40973a4a\">\t<ul class=\"sibling-pages-thumbnail-list \">\n\t\t\t\t\t<li class=\"sibling-pages-thumbnail-list-item \">\n\t\t\t\t<a class=\"sibling-pages-thumbnail-item-link\" href=\"https:\/\/homolog.harald.com.br\/site-2026\/fale-conosco\/fornecedores-revendedores-e-embaixadores\/\">\n\t\t\t\t\t<figure class=\"sibling-pages-thumbnail-item-figure wp-block-post-featured-image\">\n\t\t\t\t\t\t<img decoding=\"async\" src=\"https:\/\/homolog.harald.com.br\/site-2026\/wp-content\/uploads\/2026\/01\/suppliers-resellers.webp\" alt=\"\" height=\"100\" class=\"sibling-pages-thumbnail-item-image wp-post-image\">\n\t\t\t\t\t\t<h3 class=\"sibling-pages-thumbnail-item-title\">Fornecedores, revendedores e embaixadores<\/h3>\n\t\t\t\t\t<\/figure>\n\t\t\t\t<\/a>\n\t\t\t<\/li>\n\t\t\t\t\t\t<li class=\"sibling-pages-thumbnail-list-item active\">\n\t\t\t\t<a class=\"sibling-pages-thumbnail-item-link\" href=\"https:\/\/homolog.harald.com.br\/site-2026\/fale-conosco\/trabalhe-conosco\/\">\n\t\t\t\t\t<figure class=\"sibling-pages-thumbnail-item-figure wp-block-post-featured-image\">\n\t\t\t\t\t\t<img decoding=\"async\" src=\"https:\/\/homolog.harald.com.br\/site-2026\/wp-content\/uploads\/2026\/01\/work-with-us.webp\" alt=\"\" height=\"100\" class=\"sibling-pages-thumbnail-item-image wp-post-image\">\n\t\t\t\t\t\t<h3 class=\"sibling-pages-thumbnail-item-title\">Trabalhe Conosco<\/h3>\n\t\t\t\t\t<\/figure>\n\t\t\t\t<\/a>\n\t\t\t<\/li>\n\t\t\t\t\t\t<li class=\"sibling-pages-thumbnail-list-item \">\n\t\t\t\t<a class=\"sibling-pages-thumbnail-item-link\" href=\"https:\/\/homolog.harald.com.br\/site-2026\/fale-conosco\/atendimento-a-imprensa\/\">\n\t\t\t\t\t<figure class=\"sibling-pages-thumbnail-item-figure wp-block-post-featured-image\">\n\t\t\t\t\t\t<img decoding=\"async\" src=\"https:\/\/homolog.harald.com.br\/site-2026\/wp-content\/uploads\/2026\/01\/press.webp\" alt=\"\" height=\"100\" class=\"sibling-pages-thumbnail-item-image wp-post-image\">\n\t\t\t\t\t\t<h3 class=\"sibling-pages-thumbnail-item-title\">Atendimento \u00e0 Imprensa<\/h3>\n\t\t\t\t\t<\/figure>\n\t\t\t\t<\/a>\n\t\t\t<\/li>\n\t\t\t\t\t\t<li class=\"sibling-pages-thumbnail-list-item \">\n\t\t\t\t<a class=\"sibling-pages-thumbnail-item-link\" href=\"https:\/\/homolog.harald.com.br\/site-2026\/fale-conosco\/fale-com-nosso-atendimento-ao-consumidor\/\">\n\t\t\t\t\t<figure class=\"sibling-pages-thumbnail-item-figure wp-block-post-featured-image\">\n\t\t\t\t\t\t<img decoding=\"async\" src=\"https:\/\/homolog.harald.com.br\/site-2026\/wp-content\/uploads\/2026\/01\/sac.webp\" alt=\"\" height=\"100\" class=\"sibling-pages-thumbnail-item-image wp-post-image\">\n\t\t\t\t\t\t<h3 class=\"sibling-pages-thumbnail-item-title\">Fale com Nosso Atendimento ao Consumidor<\/h3>\n\t\t\t\t\t<\/figure>\n\t\t\t\t<\/a>\n\t\t\t<\/li>\n\t\t\t\t\t\t<li class=\"sibling-pages-thumbnail-list-item \">\n\t\t\t\t<a class=\"sibling-pages-thumbnail-item-link\" href=\"https:\/\/homolog.harald.com.br\/site-2026\/fale-conosco\/quero-ser-um-embaixador-harald\/\">\n\t\t\t\t\t<figure class=\"sibling-pages-thumbnail-item-figure wp-block-post-featured-image\">\n\t\t\t\t\t\t<img decoding=\"async\" src=\"https:\/\/homolog.harald.com.br\/site-2026\/wp-content\/uploads\/2026\/04\/embaixador.webp\" alt=\"\" height=\"100\" class=\"sibling-pages-thumbnail-item-image wp-post-image\">\n\t\t\t\t\t\t<h3 class=\"sibling-pages-thumbnail-item-title\">Quero Ser um Embaixador Harald<\/h3>\n\t\t\t\t\t<\/figure>\n\t\t\t\t<\/a>\n\t\t\t<\/li>\n\t\t\t\t\t\t<li class=\"sibling-pages-thumbnail-list-item \">\n\t\t\t\t<a class=\"sibling-pages-thumbnail-item-link\" href=\"https:\/\/homolog.harald.com.br\/site-2026\/fale-conosco\/quero-ser-um-revendedor\/\">\n\t\t\t\t\t<figure class=\"sibling-pages-thumbnail-item-figure wp-block-post-featured-image\">\n\t\t\t\t\t\t<img decoding=\"async\" src=\"https:\/\/homolog.harald.com.br\/site-2026\/wp-content\/uploads\/2026\/04\/revendedor.webp\" alt=\"\" height=\"100\" class=\"sibling-pages-thumbnail-item-image wp-post-image\">\n\t\t\t\t\t\t<h3 class=\"sibling-pages-thumbnail-item-title\">Quero Ser um Revendedor<\/h3>\n\t\t\t\t\t<\/figure>\n\t\t\t\t<\/a>\n\t\t\t<\/li>\n\t\t\t\t\t\t<li class=\"sibling-pages-thumbnail-list-item \">\n\t\t\t\t<a class=\"sibling-pages-thumbnail-item-link\" href=\"https:\/\/homolog.harald.com.br\/site-2026\/fale-conosco\/quero-ser-um-fornecedor\/\">\n\t\t\t\t\t<figure class=\"sibling-pages-thumbnail-item-figure wp-block-post-featured-image\">\n\t\t\t\t\t\t<img decoding=\"async\" src=\"https:\/\/homolog.harald.com.br\/site-2026\/wp-content\/uploads\/2026\/04\/fornecedor.webp\" alt=\"\" height=\"100\" class=\"sibling-pages-thumbnail-item-image wp-post-image\">\n\t\t\t\t\t\t<h3 class=\"sibling-pages-thumbnail-item-title\">Quero Ser um Fornecedor<\/h3>\n\t\t\t\t\t<\/figure>\n\t\t\t\t<\/a>\n\t\t\t<\/li>\n\t\t\t\t<\/ul>\n\t<\/div>\n\n\n\n<div class=\"wp-block-uagb-container uagb-block-09cc9a60\">\n<h2 class=\"wp-block-heading has-text-align-center\">Junte-se ao&nbsp;nosso time!<\/h2>\n\n\n\n<p>Buscamos profissionais talentosos e comprometidos que queiram crescer conosco. Todas as nossas vagas s\u00e3o divulgadas exclusivamente pelos canais oficiais \u2013&nbsp;<strong>Gupy<\/strong>&nbsp;e&nbsp;<strong>LinkedIn<\/strong>.<\/p>\n\n\n\n<p>Acesse o link abaixo para conferir as oportunidades dispon\u00edveis. Se encontrar uma vaga alinhada ao seu perfil, envie seu curr\u00edculo! Seu cadastro ficar\u00e1 em nosso banco de talentos e poder\u00e1 ser considerado para futuras sele\u00e7\u00f5es.<\/p>\n\n\n\n<div style=\"height:30px\" aria-hidden=\"true\" class=\"wp-block-spacer\"><\/div>\n\n\n\n<div class=\"wp-block-buttons has-custom-font-size has-medium-font-size is-content-justification-center is-layout-flex wp-container-core-buttons-is-layout-a89b3969 wp-block-buttons-is-layout-flex\">\n<div class=\"wp-block-button\"><a class=\"wp-block-button__link wp-element-button\" href=\"https:\/\/harald.gupy.io\/\" target=\"_blank\" rel=\"noreferrer noopener nofollow\">Quero acessar o Gupy<\/a><\/div>\n<\/div>\n\n\n\n<div style=\"height:50px\" aria-hidden=\"true\" class=\"wp-block-spacer\"><\/div>\n\n\n\n<div class=\"wp-block-uagb-container uagb-block-fd1190cc\">\n<h4 class=\"wp-block-heading has-text-align-center has-large-font-size\" style=\"margin-top:0;margin-bottom:0;padding-top:0;padding-bottom:0\">\ud83d\udce2 Fique atento!<\/h4>\n\n\n\n<p class=\"has-text-align-center\" style=\"border-radius:6px;padding-top:0;padding-right:var(--wp--preset--spacing--40);padding-bottom:0;padding-left:var(--wp--preset--spacing--40)\">A Harald n\u00e3o solicita pagamentos, dados banc\u00e1rios ou qualquer tipo de taxa para participa\u00e7\u00e3o em processos seletivos. Nossas contrata\u00e7\u00f5es acontecem somente pelos canais oficiais mencionados acima. Se receber um contato suspeito em nosso nome, entre em contato conosco para que possamos registrar essa den\u00fancia.<\/p>\n<\/div>\n<\/div>\n<\/div>\n\n\n\n<p><\/p>\n","protected":false},"excerpt":{"rendered":"<p>Junte-se ao&nbsp;nosso time! Buscamos profissionais talentosos e comprometidos que queiram crescer conosco. Todas as nossas vagas s\u00e3o divulgadas exclusivamente pelos canais oficiais \u2013&nbsp;Gupy&nbsp;e&nbsp;LinkedIn. Acesse o link abaixo para conferir as oportunidades dispon\u00edveis. Se encontrar uma vaga alinhada ao seu perfil, envie seu curr\u00edculo! Seu cadastro ficar\u00e1 em nosso banco de talentos e poder\u00e1 ser considerado <a class=\"more-link\" href=\"https:\/\/homolog.harald.com.br\/site-2026\/fale-conosco\/trabalhe-conosco\/\">Read more&#8230;<\/a><\/p>\n","protected":false},"author":6,"featured_media":343692,"parent":8088,"menu_order":0,"comment_status":"closed","ping_status":"closed","template":"","meta":{"_acf_changed":false,"_uag_custom_page_level_css":"","footnotes":""},"class_list":["post-278035","page","type-page","status-publish","has-post-thumbnail","hentry"],"acf":[],"yoast_head":"<!-- This site is optimized with the Yoast SEO plugin v26.3 - https:\/\/yoast.com\/wordpress\/plugins\/seo\/ -->\n<title>Trabalhe Conosco - Harald<\/title>\n<meta name=\"robots\" content=\"noindex, follow, max-snippet:-1, max-image-preview:large, max-video-preview:-1\" \/>\n<meta property=\"og:locale\" content=\"pt_BR\" \/>\n<meta property=\"og:type\" content=\"article\" \/>\n<meta property=\"og:title\" content=\"Trabalhe Conosco - Harald\" \/>\n<meta property=\"og:description\" content=\"Junte-se ao&nbsp;nosso time! Buscamos profissionais talentosos e comprometidos que queiram crescer conosco. Todas as nossas vagas s\u00e3o divulgadas exclusivamente pelos canais oficiais \u2013&nbsp;Gupy&nbsp;e&nbsp;LinkedIn. Acesse o link abaixo para conferir as oportunidades dispon\u00edveis. Se encontrar uma vaga alinhada ao seu perfil, envie seu curr\u00edculo! Seu cadastro ficar\u00e1 em nosso banco de talentos e poder\u00e1 ser considerado Read more...\" \/>\n<meta property=\"og:url\" content=\"https:\/\/homolog.harald.com.br\/site-2026\/fale-conosco\/trabalhe-conosco\/\" \/>\n<meta property=\"og:site_name\" content=\"Harald\" \/>\n<meta property=\"article:publisher\" content=\"https:\/\/www.facebook.com\/HaraldChocolates\/\" \/>\n<meta property=\"article:modified_time\" content=\"2026-01-30T11:22:47+00:00\" \/>\n<meta property=\"og:image\" content=\"https:\/\/homolog.harald.com.br\/site-2026\/wp-content\/uploads\/2026\/01\/work-with-us.webp\" \/>\n\t<meta property=\"og:image:width\" content=\"1000\" \/>\n\t<meta property=\"og:image:height\" content=\"400\" \/>\n\t<meta property=\"og:image:type\" content=\"image\/webp\" \/>\n<meta name=\"twitter:card\" content=\"summary_large_image\" \/>\n<meta name=\"twitter:label1\" content=\"Est. tempo de leitura\" \/>\n\t<meta name=\"twitter:data1\" content=\"1 minuto\" \/>\n<script type=\"application\/ld+json\" class=\"yoast-schema-graph\">{\"@context\":\"https:\/\/schema.org\",\"@graph\":[{\"@type\":\"WebPage\",\"@id\":\"https:\/\/homolog.harald.com.br\/site-2026\/fale-conosco\/trabalhe-conosco\/\",\"url\":\"https:\/\/homolog.harald.com.br\/site-2026\/fale-conosco\/trabalhe-conosco\/\",\"name\":\"Trabalhe Conosco - Harald\",\"isPartOf\":{\"@id\":\"https:\/\/homolog.harald.com.br\/site-2026\/#website\"},\"primaryImageOfPage\":{\"@id\":\"https:\/\/homolog.harald.com.br\/site-2026\/fale-conosco\/trabalhe-conosco\/#primaryimage\"},\"image\":{\"@id\":\"https:\/\/homolog.harald.com.br\/site-2026\/fale-conosco\/trabalhe-conosco\/#primaryimage\"},\"thumbnailUrl\":\"https:\/\/homolog.harald.com.br\/site-2026\/wp-content\/uploads\/2026\/01\/work-with-us.webp\",\"datePublished\":\"2025-04-01T18:40:12+00:00\",\"dateModified\":\"2026-01-30T11:22:47+00:00\",\"breadcrumb\":{\"@id\":\"https:\/\/homolog.harald.com.br\/site-2026\/fale-conosco\/trabalhe-conosco\/#breadcrumb\"},\"inLanguage\":\"pt-BR\",\"potentialAction\":[{\"@type\":\"ReadAction\",\"target\":[\"https:\/\/homolog.harald.com.br\/site-2026\/fale-conosco\/trabalhe-conosco\/\"]}]},{\"@type\":\"ImageObject\",\"inLanguage\":\"pt-BR\",\"@id\":\"https:\/\/homolog.harald.com.br\/site-2026\/fale-conosco\/trabalhe-conosco\/#primaryimage\",\"url\":\"https:\/\/homolog.harald.com.br\/site-2026\/wp-content\/uploads\/2026\/01\/work-with-us.webp\",\"contentUrl\":\"https:\/\/homolog.harald.com.br\/site-2026\/wp-content\/uploads\/2026\/01\/work-with-us.webp\",\"width\":1000,\"height\":400},{\"@type\":\"BreadcrumbList\",\"@id\":\"https:\/\/homolog.harald.com.br\/site-2026\/fale-conosco\/trabalhe-conosco\/#breadcrumb\",\"itemListElement\":[{\"@type\":\"ListItem\",\"position\":1,\"name\":\"In\u00edcio\",\"item\":\"https:\/\/homolog.harald.com.br\/site-2026\/\"},{\"@type\":\"ListItem\",\"position\":2,\"name\":\"Fale Conosco\",\"item\":\"https:\/\/homolog.harald.com.br\/site-2026\/fale-conosco\/\"},{\"@type\":\"ListItem\",\"position\":3,\"name\":\"Trabalhe Conosco\"}]},{\"@type\":\"WebSite\",\"@id\":\"https:\/\/homolog.harald.com.br\/site-2026\/#website\",\"url\":\"https:\/\/homolog.harald.com.br\/site-2026\/\",\"name\":\"Harald\",\"description\":\"Fazer melhor \u00e9 fazer com paix\u00e3o\",\"publisher\":{\"@id\":\"https:\/\/homolog.harald.com.br\/site-2026\/#organization\"},\"potentialAction\":[{\"@type\":\"SearchAction\",\"target\":{\"@type\":\"EntryPoint\",\"urlTemplate\":\"https:\/\/homolog.harald.com.br\/site-2026\/?s={search_term_string}\"},\"query-input\":{\"@type\":\"PropertyValueSpecification\",\"valueRequired\":true,\"valueName\":\"search_term_string\"}}],\"inLanguage\":\"pt-BR\"},{\"@type\":\"Organization\",\"@id\":\"https:\/\/homolog.harald.com.br\/site-2026\/#organization\",\"name\":\"Harald\",\"url\":\"https:\/\/homolog.harald.com.br\/site-2026\/\",\"logo\":{\"@type\":\"ImageObject\",\"inLanguage\":\"pt-BR\",\"@id\":\"https:\/\/homolog.harald.com.br\/site-2026\/#\/schema\/logo\/image\/\",\"url\":\"https:\/\/homolog.harald.com.br\/site-2026\/wp-content\/uploads\/2022\/09\/logo-harald-cmyk-ss.png\",\"contentUrl\":\"https:\/\/homolog.harald.com.br\/site-2026\/wp-content\/uploads\/2022\/09\/logo-harald-cmyk-ss.png\",\"width\":1948,\"height\":1051,\"caption\":\"Harald\"},\"image\":{\"@id\":\"https:\/\/homolog.harald.com.br\/site-2026\/#\/schema\/logo\/image\/\"},\"sameAs\":[\"https:\/\/www.facebook.com\/HaraldChocolates\/\",\"https:\/\/www.youtube.com\/user\/HaraldChocolates\"]}]}<\/script>\n<!-- \/ Yoast SEO plugin. -->","yoast_head_json":{"title":"Trabalhe Conosco - Harald","robots":{"index":"noindex","follow":"follow","max-snippet":"max-snippet:-1","max-image-preview":"max-image-preview:large","max-video-preview":"max-video-preview:-1"},"og_locale":"pt_BR","og_type":"article","og_title":"Trabalhe Conosco - Harald","og_description":"Junte-se ao&nbsp;nosso time! Buscamos profissionais talentosos e comprometidos que queiram crescer conosco. Todas as nossas vagas s\u00e3o divulgadas exclusivamente pelos canais oficiais \u2013&nbsp;Gupy&nbsp;e&nbsp;LinkedIn. Acesse o link abaixo para conferir as oportunidades dispon\u00edveis. Se encontrar uma vaga alinhada ao seu perfil, envie seu curr\u00edculo! Seu cadastro ficar\u00e1 em nosso banco de talentos e poder\u00e1 ser considerado Read more...","og_url":"https:\/\/homolog.harald.com.br\/site-2026\/fale-conosco\/trabalhe-conosco\/","og_site_name":"Harald","article_publisher":"https:\/\/www.facebook.com\/HaraldChocolates\/","article_modified_time":"2026-01-30T11:22:47+00:00","og_image":[{"width":1000,"height":400,"url":"https:\/\/homolog.harald.com.br\/site-2026\/wp-content\/uploads\/2026\/01\/work-with-us.webp","type":"image\/webp"}],"twitter_card":"summary_large_image","twitter_misc":{"Est. tempo de leitura":"1 minuto"},"schema":{"@context":"https:\/\/schema.org","@graph":[{"@type":"WebPage","@id":"https:\/\/homolog.harald.com.br\/site-2026\/fale-conosco\/trabalhe-conosco\/","url":"https:\/\/homolog.harald.com.br\/site-2026\/fale-conosco\/trabalhe-conosco\/","name":"Trabalhe Conosco - Harald","isPartOf":{"@id":"https:\/\/homolog.harald.com.br\/site-2026\/#website"},"primaryImageOfPage":{"@id":"https:\/\/homolog.harald.com.br\/site-2026\/fale-conosco\/trabalhe-conosco\/#primaryimage"},"image":{"@id":"https:\/\/homolog.harald.com.br\/site-2026\/fale-conosco\/trabalhe-conosco\/#primaryimage"},"thumbnailUrl":"https:\/\/homolog.harald.com.br\/site-2026\/wp-content\/uploads\/2026\/01\/work-with-us.webp","datePublished":"2025-04-01T18:40:12+00:00","dateModified":"2026-01-30T11:22:47+00:00","breadcrumb":{"@id":"https:\/\/homolog.harald.com.br\/site-2026\/fale-conosco\/trabalhe-conosco\/#breadcrumb"},"inLanguage":"pt-BR","potentialAction":[{"@type":"ReadAction","target":["https:\/\/homolog.harald.com.br\/site-2026\/fale-conosco\/trabalhe-conosco\/"]}]},{"@type":"ImageObject","inLanguage":"pt-BR","@id":"https:\/\/homolog.harald.com.br\/site-2026\/fale-conosco\/trabalhe-conosco\/#primaryimage","url":"https:\/\/homolog.harald.com.br\/site-2026\/wp-content\/uploads\/2026\/01\/work-with-us.webp","contentUrl":"https:\/\/homolog.harald.com.br\/site-2026\/wp-content\/uploads\/2026\/01\/work-with-us.webp","width":1000,"height":400},{"@type":"BreadcrumbList","@id":"https:\/\/homolog.harald.com.br\/site-2026\/fale-conosco\/trabalhe-conosco\/#breadcrumb","itemListElement":[{"@type":"ListItem","position":1,"name":"In\u00edcio","item":"https:\/\/homolog.harald.com.br\/site-2026\/"},{"@type":"ListItem","position":2,"name":"Fale Conosco","item":"https:\/\/homolog.harald.com.br\/site-2026\/fale-conosco\/"},{"@type":"ListItem","position":3,"name":"Trabalhe Conosco"}]},{"@type":"WebSite","@id":"https:\/\/homolog.harald.com.br\/site-2026\/#website","url":"https:\/\/homolog.harald.com.br\/site-2026\/","name":"Harald","description":"Fazer melhor \u00e9 fazer com paix\u00e3o","publisher":{"@id":"https:\/\/homolog.harald.com.br\/site-2026\/#organization"},"potentialAction":[{"@type":"SearchAction","target":{"@type":"EntryPoint","urlTemplate":"https:\/\/homolog.harald.com.br\/site-2026\/?s={search_term_string}"},"query-input":{"@type":"PropertyValueSpecification","valueRequired":true,"valueName":"search_term_string"}}],"inLanguage":"pt-BR"},{"@type":"Organization","@id":"https:\/\/homolog.harald.com.br\/site-2026\/#organization","name":"Harald","url":"https:\/\/homolog.harald.com.br\/site-2026\/","logo":{"@type":"ImageObject","inLanguage":"pt-BR","@id":"https:\/\/homolog.harald.com.br\/site-2026\/#\/schema\/logo\/image\/","url":"https:\/\/homolog.harald.com.br\/site-2026\/wp-content\/uploads\/2022\/09\/logo-harald-cmyk-ss.png","contentUrl":"https:\/\/homolog.harald.com.br\/site-2026\/wp-content\/uploads\/2022\/09\/logo-harald-cmyk-ss.png","width":1948,"height":1051,"caption":"Harald"},"image":{"@id":"https:\/\/homolog.harald.com.br\/site-2026\/#\/schema\/logo\/image\/"},"sameAs":["https:\/\/www.facebook.com\/HaraldChocolates\/","https:\/\/www.youtube.com\/user\/HaraldChocolates"]}]}},"uagb_featured_image_src":{"full":["https:\/\/homolog.harald.com.br\/site-2026\/wp-content\/uploads\/2026\/01\/work-with-us.webp",1000,400,false],"thumbnail":["https:\/\/homolog.harald.com.br\/site-2026\/wp-content\/uploads\/2026\/01\/work-with-us-150x150.webp",150,150,true],"medium":["https:\/\/homolog.harald.com.br\/site-2026\/wp-content\/uploads\/2026\/01\/work-with-us-300x120.webp",300,120,true],"medium_large":["https:\/\/homolog.harald.com.br\/site-2026\/wp-content\/uploads\/2026\/01\/work-with-us-768x307.webp",768,307,true],"large":["https:\/\/homolog.harald.com.br\/site-2026\/wp-content\/uploads\/2026\/01\/work-with-us.webp",1000,400,false],"1536x1536":["https:\/\/homolog.harald.com.br\/site-2026\/wp-content\/uploads\/2026\/01\/work-with-us.webp",1000,400,false],"2048x2048":["https:\/\/homolog.harald.com.br\/site-2026\/wp-content\/uploads\/2026\/01\/work-with-us.webp",1000,400,false],"full-width":["https:\/\/homolog.harald.com.br\/site-2026\/wp-content\/uploads\/2026\/01\/work-with-us.webp",1000,400,false],"gform-image-choice-sm":["https:\/\/homolog.harald.com.br\/site-2026\/wp-content\/uploads\/2026\/01\/work-with-us.webp",300,120,false],"gform-image-choice-md":["https:\/\/homolog.harald.com.br\/site-2026\/wp-content\/uploads\/2026\/01\/work-with-us.webp",400,160,false],"gform-image-choice-lg":["https:\/\/homolog.harald.com.br\/site-2026\/wp-content\/uploads\/2026\/01\/work-with-us.webp",600,240,false]},"uagb_author_info":{"display_name":"Rafael Lisboa","author_link":"https:\/\/homolog.harald.com.br\/site-2026\/blog\/author\/rafael-lisboa\/"},"uagb_comment_info":0,"uagb_excerpt":"Junte-se ao&nbsp;nosso time! Buscamos profissionais talentosos e comprometidos que queiram crescer conosco. Todas as nossas vagas s\u00e3o divulgadas exclusivamente pelos canais oficiais \u2013&nbsp;Gupy&nbsp;e&nbsp;LinkedIn. Acesse o link abaixo para conferir as oportunidades dispon\u00edveis. Se encontrar uma vaga alinhada ao seu perfil, envie seu curr\u00edculo! Seu cadastro ficar\u00e1 em nosso banco de talentos e poder\u00e1 ser considerado&hellip;","_links":{"self":[{"href":"https:\/\/homolog.harald.com.br\/site-2026\/wp-json\/wp\/v2\/pages\/278035","targetHints":{"allow":["GET"]}}],"collection":[{"href":"https:\/\/homolog.harald.com.br\/site-2026\/wp-json\/wp\/v2\/pages"}],"about":[{"href":"https:\/\/homolog.harald.com.br\/site-2026\/wp-json\/wp\/v2\/types\/page"}],"author":[{"embeddable":true,"href":"https:\/\/homolog.harald.com.br\/site-2026\/wp-json\/wp\/v2\/users\/6"}],"replies":[{"embeddable":true,"href":"https:\/\/homolog.harald.com.br\/site-2026\/wp-json\/wp\/v2\/comments?post=278035"}],"version-history":[{"count":21,"href":"https:\/\/homolog.harald.com.br\/site-2026\/wp-json\/wp\/v2\/pages\/278035\/revisions"}],"predecessor-version":[{"id":343387,"href":"https:\/\/homolog.harald.com.br\/site-2026\/wp-json\/wp\/v2\/pages\/278035\/revisions\/343387"}],"up":[{"embeddable":true,"href":"https:\/\/homolog.harald.com.br\/site-2026\/wp-json\/wp\/v2\/pages\/8088"}],"wp:featuredmedia":[{"embeddable":true,"href":"https:\/\/homolog.harald.com.br\/site-2026\/wp-json\/wp\/v2\/media\/343692"}],"wp:attachment":[{"href":"https:\/\/homolog.harald.com.br\/site-2026\/wp-json\/wp\/v2\/media?parent=278035"}],"curies":[{"name":"wp","href":"https:\/\/api.w.org\/{rel}","templated":true}]}}