{"id":129582,"date":"2023-10-30T10:34:41","date_gmt":"2023-10-30T13:34:41","guid":{"rendered":"https:\/\/homolog.harald.com.br\/site-2026\/?page_id=129582"},"modified":"2026-01-04T09:21:16","modified_gmt":"2026-01-04T12:21:16","slug":"politica-de-qualidade","status":"publish","type":"page","link":"https:\/\/homolog.harald.com.br\/site-2026\/sobre-a-harald\/politica-de-qualidade\/","title":{"rendered":"Pol\u00edtica de Qualidade e Seguran\u00e7a de Alimentos"},"content":{"rendered":"\n<p>A <strong>Harald<\/strong>, com base na <a href=\"https:\/\/homolog.harald.com.br\/site-2026\/sobre-a-harald\/nossa-cultura\/\"><strong>miss\u00e3o, vis\u00e3o e valores<\/strong> <\/a>do <a href=\"https:\/\/www.fujioilholdings.com\/en\/\"><strong>Grupo Fuji Oil<\/strong><\/a>, tem como prop\u00f3sito contribuir para a felicidade e bem-estar das pessoas a partir do desenvolvimento de ingredientes deliciosos e saud\u00e1veis, agindo sistemicamente de maneira proativa para garantir a produ\u00e7\u00e3o de alimentos seguros, de qualidade e confi\u00e1veis, criando um futuro alimentar sustent\u00e1vel para sociedade.<\/p>\n\n\n\n<p>Assim, temos como compromisso:<\/p>\n\n\n\n<ul class=\"wp-block-list\">\n<li>Atender aos requisitos legais, estatut\u00e1rios e de clientes;<\/li>\n\n\n\n<li>Assegurar a satisfa\u00e7\u00e3o de nossos clientes e consumidores;<\/li>\n\n\n\n<li>Estabelecer e manter uma cultura de seguran\u00e7a de alimentos e qualidade, atrav\u00e9s de uma comunica\u00e7\u00e3o positiva, precisa e cordial com as partes interessadas, buscando constantemente a solu\u00e7\u00e3o dos problemas;<\/li>\n\n\n\n<li>Desenvolver e melhorar as compet\u00eancias de nossos colaboradores e terceiros residentes;<\/li>\n\n\n\n<li>Melhorar continuamente a efic\u00e1cia dos sistemas de gest\u00e3o de qualidade e seguran\u00e7a dos alimentos;<\/li>\n\n\n\n<li>Promover uma gest\u00e3o alicer\u00e7ada em pr\u00e1ticas ESG, com o objetivo de promover o crescimento sustent\u00e1vel.<\/li>\n<\/ul>\n","protected":false},"excerpt":{"rendered":"<p>A Harald, com base na miss\u00e3o, vis\u00e3o e valores do Grupo Fuji Oil, tem como prop\u00f3sito contribuir para a felicidade e bem-estar das pessoas a partir do desenvolvimento de ingredientes deliciosos e saud\u00e1veis, agindo sistemicamente de maneira proativa para garantir a produ\u00e7\u00e3o de alimentos seguros, de qualidade e confi\u00e1veis, criando um futuro alimentar sustent\u00e1vel para <a class=\"more-link\" href=\"https:\/\/homolog.harald.com.br\/site-2026\/sobre-a-harald\/politica-de-qualidade\/\">Read more&#8230;<\/a><\/p>\n","protected":false},"author":9,"featured_media":0,"parent":8050,"menu_order":0,"comment_status":"closed","ping_status":"closed","template":"","meta":{"_acf_changed":false,"_uag_custom_page_level_css":"","footnotes":""},"class_list":["post-129582","page","type-page","status-publish","hentry"],"acf":[],"yoast_head":"<!-- This site is optimized with the Yoast SEO plugin v26.3 - https:\/\/yoast.com\/wordpress\/plugins\/seo\/ -->\n<title>Pol\u00edtica de Qualidade e Seguran\u00e7a de Alimentos - Harald<\/title>\n<meta name=\"description\" content=\"A Harald tem como prop\u00f3sito contribuir para a felicidade das pessoas desenvolvendo ingredientes saud\u00e1veis e de qualidade.\" \/>\n<meta name=\"robots\" content=\"noindex, follow, max-snippet:-1, max-image-preview:large, max-video-preview:-1\" \/>\n<meta property=\"og:locale\" content=\"pt_BR\" \/>\n<meta property=\"og:type\" content=\"article\" \/>\n<meta property=\"og:title\" content=\"Pol\u00edtica de Qualidade e Seguran\u00e7a de Alimentos - Harald\" \/>\n<meta property=\"og:description\" content=\"A Harald tem como prop\u00f3sito contribuir para a felicidade das pessoas desenvolvendo ingredientes saud\u00e1veis e de qualidade.\" \/>\n<meta property=\"og:url\" content=\"https:\/\/homolog.harald.com.br\/site-2026\/sobre-a-harald\/politica-de-qualidade\/\" \/>\n<meta property=\"og:site_name\" content=\"Harald\" \/>\n<meta property=\"article:publisher\" content=\"https:\/\/www.facebook.com\/HaraldChocolates\/\" \/>\n<meta property=\"article:modified_time\" content=\"2026-01-04T12:21:16+00:00\" \/>\n<meta property=\"og:image\" content=\"https:\/\/homolog.harald.com.br\/site-2026\/wp-content\/uploads\/2022\/07\/banner-bg-12-m.png\" \/>\n\t<meta property=\"og:image:width\" content=\"1000\" \/>\n\t<meta property=\"og:image:height\" content=\"666\" \/>\n\t<meta property=\"og:image:type\" content=\"image\/png\" \/>\n<meta name=\"twitter:card\" content=\"summary_large_image\" \/>\n<meta name=\"twitter:label1\" content=\"Est. tempo de leitura\" \/>\n\t<meta name=\"twitter:data1\" content=\"1 minuto\" \/>\n<script type=\"application\/ld+json\" class=\"yoast-schema-graph\">{\"@context\":\"https:\/\/schema.org\",\"@graph\":[{\"@type\":\"WebPage\",\"@id\":\"https:\/\/homolog.harald.com.br\/site-2026\/sobre-a-harald\/politica-de-qualidade\/\",\"url\":\"https:\/\/homolog.harald.com.br\/site-2026\/sobre-a-harald\/politica-de-qualidade\/\",\"name\":\"Pol\u00edtica de Qualidade e Seguran\u00e7a de Alimentos - Harald\",\"isPartOf\":{\"@id\":\"https:\/\/homolog.harald.com.br\/site-2026\/#website\"},\"datePublished\":\"2023-10-30T13:34:41+00:00\",\"dateModified\":\"2026-01-04T12:21:16+00:00\",\"description\":\"A Harald tem como prop\u00f3sito contribuir para a felicidade das pessoas desenvolvendo ingredientes saud\u00e1veis e de qualidade.\",\"breadcrumb\":{\"@id\":\"https:\/\/homolog.harald.com.br\/site-2026\/sobre-a-harald\/politica-de-qualidade\/#breadcrumb\"},\"inLanguage\":\"pt-BR\",\"potentialAction\":[{\"@type\":\"ReadAction\",\"target\":[\"https:\/\/homolog.harald.com.br\/site-2026\/sobre-a-harald\/politica-de-qualidade\/\"]}]},{\"@type\":\"BreadcrumbList\",\"@id\":\"https:\/\/homolog.harald.com.br\/site-2026\/sobre-a-harald\/politica-de-qualidade\/#breadcrumb\",\"itemListElement\":[{\"@type\":\"ListItem\",\"position\":1,\"name\":\"In\u00edcio\",\"item\":\"https:\/\/homolog.harald.com.br\/site-2026\/\"},{\"@type\":\"ListItem\",\"position\":2,\"name\":\"Quem Somos\",\"item\":\"https:\/\/homolog.harald.com.br\/site-2026\/sobre-a-harald\/\"},{\"@type\":\"ListItem\",\"position\":3,\"name\":\"Pol\u00edtica de Qualidade e Seguran\u00e7a de Alimentos\"}]},{\"@type\":\"WebSite\",\"@id\":\"https:\/\/homolog.harald.com.br\/site-2026\/#website\",\"url\":\"https:\/\/homolog.harald.com.br\/site-2026\/\",\"name\":\"Harald\",\"description\":\"Fazer melhor \u00e9 fazer com paix\u00e3o\",\"publisher\":{\"@id\":\"https:\/\/homolog.harald.com.br\/site-2026\/#organization\"},\"potentialAction\":[{\"@type\":\"SearchAction\",\"target\":{\"@type\":\"EntryPoint\",\"urlTemplate\":\"https:\/\/homolog.harald.com.br\/site-2026\/?s={search_term_string}\"},\"query-input\":{\"@type\":\"PropertyValueSpecification\",\"valueRequired\":true,\"valueName\":\"search_term_string\"}}],\"inLanguage\":\"pt-BR\"},{\"@type\":\"Organization\",\"@id\":\"https:\/\/homolog.harald.com.br\/site-2026\/#organization\",\"name\":\"Harald\",\"url\":\"https:\/\/homolog.harald.com.br\/site-2026\/\",\"logo\":{\"@type\":\"ImageObject\",\"inLanguage\":\"pt-BR\",\"@id\":\"https:\/\/homolog.harald.com.br\/site-2026\/#\/schema\/logo\/image\/\",\"url\":\"https:\/\/homolog.harald.com.br\/site-2026\/wp-content\/uploads\/2022\/09\/logo-harald-cmyk-ss.png\",\"contentUrl\":\"https:\/\/homolog.harald.com.br\/site-2026\/wp-content\/uploads\/2022\/09\/logo-harald-cmyk-ss.png\",\"width\":1948,\"height\":1051,\"caption\":\"Harald\"},\"image\":{\"@id\":\"https:\/\/homolog.harald.com.br\/site-2026\/#\/schema\/logo\/image\/\"},\"sameAs\":[\"https:\/\/www.facebook.com\/HaraldChocolates\/\",\"https:\/\/www.youtube.com\/user\/HaraldChocolates\"]}]}<\/script>\n<!-- \/ Yoast SEO plugin. -->","yoast_head_json":{"title":"Pol\u00edtica de Qualidade e Seguran\u00e7a de Alimentos - Harald","description":"A Harald tem como prop\u00f3sito contribuir para a felicidade das pessoas desenvolvendo ingredientes saud\u00e1veis e de qualidade.","robots":{"index":"noindex","follow":"follow","max-snippet":"max-snippet:-1","max-image-preview":"max-image-preview:large","max-video-preview":"max-video-preview:-1"},"og_locale":"pt_BR","og_type":"article","og_title":"Pol\u00edtica de Qualidade e Seguran\u00e7a de Alimentos - Harald","og_description":"A Harald tem como prop\u00f3sito contribuir para a felicidade das pessoas desenvolvendo ingredientes saud\u00e1veis e de qualidade.","og_url":"https:\/\/homolog.harald.com.br\/site-2026\/sobre-a-harald\/politica-de-qualidade\/","og_site_name":"Harald","article_publisher":"https:\/\/www.facebook.com\/HaraldChocolates\/","article_modified_time":"2026-01-04T12:21:16+00:00","og_image":[{"width":1000,"height":666,"url":"https:\/\/homolog.harald.com.br\/site-2026\/wp-content\/uploads\/2022\/07\/banner-bg-12-m.png","type":"image\/png"}],"twitter_card":"summary_large_image","twitter_misc":{"Est. tempo de leitura":"1 minuto"},"schema":{"@context":"https:\/\/schema.org","@graph":[{"@type":"WebPage","@id":"https:\/\/homolog.harald.com.br\/site-2026\/sobre-a-harald\/politica-de-qualidade\/","url":"https:\/\/homolog.harald.com.br\/site-2026\/sobre-a-harald\/politica-de-qualidade\/","name":"Pol\u00edtica de Qualidade e Seguran\u00e7a de Alimentos - Harald","isPartOf":{"@id":"https:\/\/homolog.harald.com.br\/site-2026\/#website"},"datePublished":"2023-10-30T13:34:41+00:00","dateModified":"2026-01-04T12:21:16+00:00","description":"A Harald tem como prop\u00f3sito contribuir para a felicidade das pessoas desenvolvendo ingredientes saud\u00e1veis e de qualidade.","breadcrumb":{"@id":"https:\/\/homolog.harald.com.br\/site-2026\/sobre-a-harald\/politica-de-qualidade\/#breadcrumb"},"inLanguage":"pt-BR","potentialAction":[{"@type":"ReadAction","target":["https:\/\/homolog.harald.com.br\/site-2026\/sobre-a-harald\/politica-de-qualidade\/"]}]},{"@type":"BreadcrumbList","@id":"https:\/\/homolog.harald.com.br\/site-2026\/sobre-a-harald\/politica-de-qualidade\/#breadcrumb","itemListElement":[{"@type":"ListItem","position":1,"name":"In\u00edcio","item":"https:\/\/homolog.harald.com.br\/site-2026\/"},{"@type":"ListItem","position":2,"name":"Quem Somos","item":"https:\/\/homolog.harald.com.br\/site-2026\/sobre-a-harald\/"},{"@type":"ListItem","position":3,"name":"Pol\u00edtica de Qualidade e Seguran\u00e7a de Alimentos"}]},{"@type":"WebSite","@id":"https:\/\/homolog.harald.com.br\/site-2026\/#website","url":"https:\/\/homolog.harald.com.br\/site-2026\/","name":"Harald","description":"Fazer melhor \u00e9 fazer com paix\u00e3o","publisher":{"@id":"https:\/\/homolog.harald.com.br\/site-2026\/#organization"},"potentialAction":[{"@type":"SearchAction","target":{"@type":"EntryPoint","urlTemplate":"https:\/\/homolog.harald.com.br\/site-2026\/?s={search_term_string}"},"query-input":{"@type":"PropertyValueSpecification","valueRequired":true,"valueName":"search_term_string"}}],"inLanguage":"pt-BR"},{"@type":"Organization","@id":"https:\/\/homolog.harald.com.br\/site-2026\/#organization","name":"Harald","url":"https:\/\/homolog.harald.com.br\/site-2026\/","logo":{"@type":"ImageObject","inLanguage":"pt-BR","@id":"https:\/\/homolog.harald.com.br\/site-2026\/#\/schema\/logo\/image\/","url":"https:\/\/homolog.harald.com.br\/site-2026\/wp-content\/uploads\/2022\/09\/logo-harald-cmyk-ss.png","contentUrl":"https:\/\/homolog.harald.com.br\/site-2026\/wp-content\/uploads\/2022\/09\/logo-harald-cmyk-ss.png","width":1948,"height":1051,"caption":"Harald"},"image":{"@id":"https:\/\/homolog.harald.com.br\/site-2026\/#\/schema\/logo\/image\/"},"sameAs":["https:\/\/www.facebook.com\/HaraldChocolates\/","https:\/\/www.youtube.com\/user\/HaraldChocolates"]}]}},"uagb_featured_image_src":{"full":false,"thumbnail":false,"medium":false,"medium_large":false,"large":false,"1536x1536":false,"2048x2048":false,"full-width":false,"gform-image-choice-sm":false,"gform-image-choice-md":false,"gform-image-choice-lg":false},"uagb_author_info":{"display_name":"CROWD","author_link":"https:\/\/homolog.harald.com.br\/site-2026\/blog\/author\/crowd\/"},"uagb_comment_info":0,"uagb_excerpt":"A Harald, com base na miss\u00e3o, vis\u00e3o e valores do Grupo Fuji Oil, tem como prop\u00f3sito contribuir para a felicidade e bem-estar das pessoas a partir do desenvolvimento de ingredientes deliciosos e saud\u00e1veis, agindo sistemicamente de maneira proativa para garantir a produ\u00e7\u00e3o de alimentos seguros, de qualidade e confi\u00e1veis, criando um futuro alimentar sustent\u00e1vel para&hellip;","_links":{"self":[{"href":"https:\/\/homolog.harald.com.br\/site-2026\/wp-json\/wp\/v2\/pages\/129582","targetHints":{"allow":["GET"]}}],"collection":[{"href":"https:\/\/homolog.harald.com.br\/site-2026\/wp-json\/wp\/v2\/pages"}],"about":[{"href":"https:\/\/homolog.harald.com.br\/site-2026\/wp-json\/wp\/v2\/types\/page"}],"author":[{"embeddable":true,"href":"https:\/\/homolog.harald.com.br\/site-2026\/wp-json\/wp\/v2\/users\/9"}],"replies":[{"embeddable":true,"href":"https:\/\/homolog.harald.com.br\/site-2026\/wp-json\/wp\/v2\/comments?post=129582"}],"version-history":[{"count":5,"href":"https:\/\/homolog.harald.com.br\/site-2026\/wp-json\/wp\/v2\/pages\/129582\/revisions"}],"predecessor-version":[{"id":343226,"href":"https:\/\/homolog.harald.com.br\/site-2026\/wp-json\/wp\/v2\/pages\/129582\/revisions\/343226"}],"up":[{"embeddable":true,"href":"https:\/\/homolog.harald.com.br\/site-2026\/wp-json\/wp\/v2\/pages\/8050"}],"wp:attachment":[{"href":"https:\/\/homolog.harald.com.br\/site-2026\/wp-json\/wp\/v2\/media?parent=129582"}],"curies":[{"name":"wp","href":"https:\/\/api.w.org\/{rel}","templated":true}]}}