{"id":35837,"date":"2022-06-18T11:59:47","date_gmt":"2022-06-18T14:59:47","guid":{"rendered":"https:\/\/homolog.harald.com.br\/site-2026\/sobre-harald\/nuestra-historia\/"},"modified":"2022-11-25T14:07:39","modified_gmt":"2022-11-25T17:07:39","slug":"nuestra-historia","status":"publish","type":"page","link":"https:\/\/homolog.harald.com.br\/site-2026\/es\/sobre-harald\/nuestra-historia\/","title":{"rendered":"Nuestra historia"},"content":{"rendered":"<p>En 2022, Harald complet\u00f3 40 a\u00f1os de una trayectoria que comenz\u00f3 en 1888, cuando Franz Neugebauer, un inmigrante alem\u00e1n, se instal\u00f3 en Porto Alegre, en busca de nuevas oportunidades, trayendo consigo t\u00e9cnicas y recetas de reposter\u00eda. Inmediatamente not\u00f3 la escasez en el comercio local de dulces, mermeladas y jaleas y, en 1891, junto a su hermano Max y su amigo Fritz Gerhardt, comenz\u00f3 a fabricar estos productos.<\/p>\n","protected":false},"excerpt":{"rendered":"<p>En 2022, Harald complet\u00f3 40 a\u00f1os de una trayectoria que comenz\u00f3 en 1888, cuando Franz Neugebauer, un inmigrante alem\u00e1n, se instal\u00f3 en Porto Alegre, en busca de nuevas oportunidades, trayendo consigo t\u00e9cnicas y recetas de reposter\u00eda. Inmediatamente not\u00f3 la escasez en el comercio local de dulces, mermeladas y jaleas y, en 1891, junto a su <a class=\"more-link\" href=\"https:\/\/homolog.harald.com.br\/site-2026\/es\/sobre-harald\/nuestra-historia\/\">Read more&#8230;<\/a><\/p>\n","protected":false},"author":1,"featured_media":0,"parent":35829,"menu_order":0,"comment_status":"closed","ping_status":"closed","template":"page-header-no-title-embed","meta":{"_acf_changed":false,"_uag_custom_page_level_css":"","footnotes":""},"class_list":["post-35837","page","type-page","status-publish","hentry"],"acf":[],"yoast_head":"<!-- This site is optimized with the Yoast SEO plugin v26.3 - https:\/\/yoast.com\/wordpress\/plugins\/seo\/ -->\n<title>Nuestra historia - Harald<\/title>\n<meta name=\"robots\" content=\"noindex, follow, max-snippet:-1, max-image-preview:large, max-video-preview:-1\" \/>\n<meta property=\"og:locale\" content=\"es_ES\" \/>\n<meta property=\"og:type\" content=\"article\" \/>\n<meta property=\"og:title\" content=\"Nuestra historia - Harald\" \/>\n<meta property=\"og:description\" content=\"En 2022, Harald complet\u00f3 40 a\u00f1os de una trayectoria que comenz\u00f3 en 1888, cuando Franz Neugebauer, un inmigrante alem\u00e1n, se instal\u00f3 en Porto Alegre, en busca de nuevas oportunidades, trayendo consigo t\u00e9cnicas y recetas de reposter\u00eda. Inmediatamente not\u00f3 la escasez en el comercio local de dulces, mermeladas y jaleas y, en 1891, junto a su Read more...\" \/>\n<meta property=\"og:url\" content=\"https:\/\/homolog.harald.com.br\/site-2026\/sobre-a-harald\/nossa-historia\/\" \/>\n<meta property=\"og:site_name\" content=\"Harald\" \/>\n<meta property=\"article:publisher\" content=\"https:\/\/www.facebook.com\/HaraldChocolates\/\" \/>\n<meta property=\"article:modified_time\" content=\"2022-11-25T17:07:39+00:00\" \/>\n<meta property=\"og:image\" content=\"https:\/\/homolog.harald.com.br\/site-2026\/wp-content\/uploads\/2022\/07\/banner-bg-12-m.png\" \/>\n\t<meta property=\"og:image:width\" content=\"1000\" \/>\n\t<meta property=\"og:image:height\" content=\"666\" \/>\n\t<meta property=\"og:image:type\" content=\"image\/png\" \/>\n<meta name=\"twitter:card\" content=\"summary_large_image\" \/>\n<meta name=\"twitter:label1\" content=\"Tiempo de lectura\" \/>\n\t<meta name=\"twitter:data1\" content=\"1 minuto\" \/>\n<script type=\"application\/ld+json\" class=\"yoast-schema-graph\">{\"@context\":\"https:\/\/schema.org\",\"@graph\":[{\"@type\":\"WebPage\",\"@id\":\"https:\/\/homolog.harald.com.br\/site-2026\/sobre-a-harald\/nossa-historia\/\",\"url\":\"https:\/\/homolog.harald.com.br\/site-2026\/sobre-a-harald\/nossa-historia\/\",\"name\":\"Nuestra historia - Harald\",\"isPartOf\":{\"@id\":\"https:\/\/homolog.harald.com.br\/site-2026\/#website\"},\"datePublished\":\"2022-06-18T14:59:47+00:00\",\"dateModified\":\"2022-11-25T17:07:39+00:00\",\"breadcrumb\":{\"@id\":\"https:\/\/homolog.harald.com.br\/site-2026\/sobre-a-harald\/nossa-historia\/#breadcrumb\"},\"inLanguage\":\"es\",\"potentialAction\":[{\"@type\":\"ReadAction\",\"target\":[\"https:\/\/homolog.harald.com.br\/site-2026\/sobre-a-harald\/nossa-historia\/\"]}]},{\"@type\":\"BreadcrumbList\",\"@id\":\"https:\/\/homolog.harald.com.br\/site-2026\/sobre-a-harald\/nossa-historia\/#breadcrumb\",\"itemListElement\":[{\"@type\":\"ListItem\",\"position\":1,\"name\":\"In\u00edcio\",\"item\":\"https:\/\/homolog.harald.com.br\/site-2026\/\"},{\"@type\":\"ListItem\",\"position\":2,\"name\":\"Sobre Harald\",\"item\":\"https:\/\/homolog.harald.com.br\/site-2026\/sobre-a-harald\/\"},{\"@type\":\"ListItem\",\"position\":3,\"name\":\"Nuestra historia\"}]},{\"@type\":\"WebSite\",\"@id\":\"https:\/\/homolog.harald.com.br\/site-2026\/#website\",\"url\":\"https:\/\/homolog.harald.com.br\/site-2026\/\",\"name\":\"Harald\",\"description\":\"Fazer melhor \u00e9 fazer com paix\u00e3o\",\"publisher\":{\"@id\":\"https:\/\/homolog.harald.com.br\/site-2026\/#organization\"},\"potentialAction\":[{\"@type\":\"SearchAction\",\"target\":{\"@type\":\"EntryPoint\",\"urlTemplate\":\"https:\/\/homolog.harald.com.br\/site-2026\/?s={search_term_string}\"},\"query-input\":{\"@type\":\"PropertyValueSpecification\",\"valueRequired\":true,\"valueName\":\"search_term_string\"}}],\"inLanguage\":\"es\"},{\"@type\":\"Organization\",\"@id\":\"https:\/\/homolog.harald.com.br\/site-2026\/#organization\",\"name\":\"Harald\",\"url\":\"https:\/\/homolog.harald.com.br\/site-2026\/\",\"logo\":{\"@type\":\"ImageObject\",\"inLanguage\":\"es\",\"@id\":\"https:\/\/homolog.harald.com.br\/site-2026\/#\/schema\/logo\/image\/\",\"url\":\"https:\/\/homolog.harald.com.br\/site-2026\/wp-content\/uploads\/2022\/09\/logo-harald-cmyk-ss.png\",\"contentUrl\":\"https:\/\/homolog.harald.com.br\/site-2026\/wp-content\/uploads\/2022\/09\/logo-harald-cmyk-ss.png\",\"width\":1948,\"height\":1051,\"caption\":\"Harald\"},\"image\":{\"@id\":\"https:\/\/homolog.harald.com.br\/site-2026\/#\/schema\/logo\/image\/\"},\"sameAs\":[\"https:\/\/www.facebook.com\/HaraldChocolates\/\",\"https:\/\/www.youtube.com\/user\/HaraldChocolates\"]}]}<\/script>\n<!-- \/ Yoast SEO plugin. -->","yoast_head_json":{"title":"Nuestra historia - Harald","robots":{"index":"noindex","follow":"follow","max-snippet":"max-snippet:-1","max-image-preview":"max-image-preview:large","max-video-preview":"max-video-preview:-1"},"og_locale":"es_ES","og_type":"article","og_title":"Nuestra historia - Harald","og_description":"En 2022, Harald complet\u00f3 40 a\u00f1os de una trayectoria que comenz\u00f3 en 1888, cuando Franz Neugebauer, un inmigrante alem\u00e1n, se instal\u00f3 en Porto Alegre, en busca de nuevas oportunidades, trayendo consigo t\u00e9cnicas y recetas de reposter\u00eda. Inmediatamente not\u00f3 la escasez en el comercio local de dulces, mermeladas y jaleas y, en 1891, junto a su Read more...","og_url":"https:\/\/homolog.harald.com.br\/site-2026\/sobre-a-harald\/nossa-historia\/","og_site_name":"Harald","article_publisher":"https:\/\/www.facebook.com\/HaraldChocolates\/","article_modified_time":"2022-11-25T17:07:39+00:00","og_image":[{"width":1000,"height":666,"url":"https:\/\/homolog.harald.com.br\/site-2026\/wp-content\/uploads\/2022\/07\/banner-bg-12-m.png","type":"image\/png"}],"twitter_card":"summary_large_image","twitter_misc":{"Tiempo de lectura":"1 minuto"},"schema":{"@context":"https:\/\/schema.org","@graph":[{"@type":"WebPage","@id":"https:\/\/homolog.harald.com.br\/site-2026\/sobre-a-harald\/nossa-historia\/","url":"https:\/\/homolog.harald.com.br\/site-2026\/sobre-a-harald\/nossa-historia\/","name":"Nuestra historia - Harald","isPartOf":{"@id":"https:\/\/homolog.harald.com.br\/site-2026\/#website"},"datePublished":"2022-06-18T14:59:47+00:00","dateModified":"2022-11-25T17:07:39+00:00","breadcrumb":{"@id":"https:\/\/homolog.harald.com.br\/site-2026\/sobre-a-harald\/nossa-historia\/#breadcrumb"},"inLanguage":"es","potentialAction":[{"@type":"ReadAction","target":["https:\/\/homolog.harald.com.br\/site-2026\/sobre-a-harald\/nossa-historia\/"]}]},{"@type":"BreadcrumbList","@id":"https:\/\/homolog.harald.com.br\/site-2026\/sobre-a-harald\/nossa-historia\/#breadcrumb","itemListElement":[{"@type":"ListItem","position":1,"name":"In\u00edcio","item":"https:\/\/homolog.harald.com.br\/site-2026\/"},{"@type":"ListItem","position":2,"name":"Sobre Harald","item":"https:\/\/homolog.harald.com.br\/site-2026\/sobre-a-harald\/"},{"@type":"ListItem","position":3,"name":"Nuestra historia"}]},{"@type":"WebSite","@id":"https:\/\/homolog.harald.com.br\/site-2026\/#website","url":"https:\/\/homolog.harald.com.br\/site-2026\/","name":"Harald","description":"Fazer melhor \u00e9 fazer com paix\u00e3o","publisher":{"@id":"https:\/\/homolog.harald.com.br\/site-2026\/#organization"},"potentialAction":[{"@type":"SearchAction","target":{"@type":"EntryPoint","urlTemplate":"https:\/\/homolog.harald.com.br\/site-2026\/?s={search_term_string}"},"query-input":{"@type":"PropertyValueSpecification","valueRequired":true,"valueName":"search_term_string"}}],"inLanguage":"es"},{"@type":"Organization","@id":"https:\/\/homolog.harald.com.br\/site-2026\/#organization","name":"Harald","url":"https:\/\/homolog.harald.com.br\/site-2026\/","logo":{"@type":"ImageObject","inLanguage":"es","@id":"https:\/\/homolog.harald.com.br\/site-2026\/#\/schema\/logo\/image\/","url":"https:\/\/homolog.harald.com.br\/site-2026\/wp-content\/uploads\/2022\/09\/logo-harald-cmyk-ss.png","contentUrl":"https:\/\/homolog.harald.com.br\/site-2026\/wp-content\/uploads\/2022\/09\/logo-harald-cmyk-ss.png","width":1948,"height":1051,"caption":"Harald"},"image":{"@id":"https:\/\/homolog.harald.com.br\/site-2026\/#\/schema\/logo\/image\/"},"sameAs":["https:\/\/www.facebook.com\/HaraldChocolates\/","https:\/\/www.youtube.com\/user\/HaraldChocolates"]}]}},"uagb_featured_image_src":{"full":false,"thumbnail":false,"medium":false,"medium_large":false,"large":false,"1536x1536":false,"2048x2048":false,"full-width":false,"gform-image-choice-sm":false,"gform-image-choice-md":false,"gform-image-choice-lg":false},"uagb_author_info":{"display_name":"rafaelfndev","author_link":"https:\/\/homolog.harald.com.br\/site-2026\/es\/blog\/author\/rafaelfndev\/"},"uagb_comment_info":0,"uagb_excerpt":"En 2022, Harald complet\u00f3 40 a\u00f1os de una trayectoria que comenz\u00f3 en 1888, cuando Franz Neugebauer, un inmigrante alem\u00e1n, se instal\u00f3 en Porto Alegre, en busca de nuevas oportunidades, trayendo consigo t\u00e9cnicas y recetas de reposter\u00eda. Inmediatamente not\u00f3 la escasez en el comercio local de dulces, mermeladas y jaleas y, en 1891, junto a su&hellip;","_links":{"self":[{"href":"https:\/\/homolog.harald.com.br\/site-2026\/es\/wp-json\/wp\/v2\/pages\/35837","targetHints":{"allow":["GET"]}}],"collection":[{"href":"https:\/\/homolog.harald.com.br\/site-2026\/es\/wp-json\/wp\/v2\/pages"}],"about":[{"href":"https:\/\/homolog.harald.com.br\/site-2026\/es\/wp-json\/wp\/v2\/types\/page"}],"author":[{"embeddable":true,"href":"https:\/\/homolog.harald.com.br\/site-2026\/es\/wp-json\/wp\/v2\/users\/1"}],"replies":[{"embeddable":true,"href":"https:\/\/homolog.harald.com.br\/site-2026\/es\/wp-json\/wp\/v2\/comments?post=35837"}],"version-history":[{"count":1,"href":"https:\/\/homolog.harald.com.br\/site-2026\/es\/wp-json\/wp\/v2\/pages\/35837\/revisions"}],"predecessor-version":[{"id":35840,"href":"https:\/\/homolog.harald.com.br\/site-2026\/es\/wp-json\/wp\/v2\/pages\/35837\/revisions\/35840"}],"up":[{"embeddable":true,"href":"https:\/\/homolog.harald.com.br\/site-2026\/es\/wp-json\/wp\/v2\/pages\/35829"}],"wp:attachment":[{"href":"https:\/\/homolog.harald.com.br\/site-2026\/es\/wp-json\/wp\/v2\/media?parent=35837"}],"curies":[{"name":"wp","href":"https:\/\/api.w.org\/{rel}","templated":true}]}}